{"id":1166,"date":"2014-02-06T07:24:02","date_gmt":"2014-02-06T06:24:02","guid":{"rendered":"http:\/\/www.romev.de\/?page_id=1166"},"modified":"2016-10-25T10:49:19","modified_gmt":"2016-10-25T09:49:19","slug":"jovan-nikolic","status":"publish","type":"page","link":"https:\/\/www.romev.de\/?page_id=1166","title":{"rendered":"Jovan Nikolic"},"content":{"rendered":"<p>Jovan Nikolic, geboren 1955 in Belgrad. Beide Eltern sind Musiker: Die Mutter, eine Serbin, singt, der Vater, ein Rom, spielt Saxophon. Seine Kindheit verbringt Jovan Nikolic auf Reisen mit den Eltern, dann in einem Romaviertel in der Kleinstadt Cacak, wo er die Schule besucht und anschlie\u00dfend eine Ausbildung als Maschinen\u00ad ingenieur absolviert.<\/p>\n<p>1981 ver\u00f6ffentlicht er in Beograd seinen ersten Gedichtband, dem bis 1998 f\u00fcnf weitere folgen. Als Lyriker, Dramatiker, Kolumnist, Kabarettist und Songtexter (unter anderem f\u00fcr Kusturicas Film\u201a Schwarze Katze, wei\u00ad\u00dfer Kater kommt Jovan Nikolic zu literarischen Ehren und einer bemer\u00ad kenswerten Popularit\u00e4t. 1999 emigriert er nach Deutschland. Stipendiat der Heinrich-B\u00f6ll-Stiftung, der Akademie der K\u00fcnste Berlin, des deut\u00ad schen PEN-Zentrums und des Cultural City Network Graz. Im Jahr 2000 wird sein (zusammen mit R. Sejdovic verfasstes) Antikriegsst\u00fcck \u00bbKosovo mon amour\u00ab bei den Ruhrfestspielen uraufgef\u00fchrt. Seit 2002 ist er Vize\u00adpr\u00e4sident des Internationalen Romani Schriftstellerverbandes IRWA, sowie projektbezogen Mitarbeiter des Rom e.V.<\/p>\n<p style=\"text-align: left;\" align=\"center\"><b>Schriftstellerischer Werdegang von Jovan Nikoli\u0107<\/b><\/p>\n<p><b>Jovan Nikolic<\/b> Geboren 1955 in Belgrad.\u00a0 Dann bis 1981 in einem Romaviertel in der Stadt \u010ca\u010dak (Serbien). Er ist einer der bedeutendsten Vertreter zeitgen\u00f6ssischer Serbischen und Romaliteratur. Als Lyriker, Dramatiker, Yournalist,\u00a0 und Popgroupen und Filmen Songtexter (unter anderem f\u00fcr Kusturicas Film \u201eSchwarze Katze, wei\u00dfer Kater\u201c kommt Jovan Nikolic zu literarischen Ehren und einer bemerkenswerten Popularit\u00e4t).<\/p>\n<p>Er hat 11 Lyriikb\u00e4nden und Prosab\u00e4nden publiziert. Ihre lieder die in 10 Spr\u00e4chen \u00fcbersetz wurden, und in mehrere Internationalle Antologien einreichen. Er erhielt Stipendien der Heinrich-B\u00f6ll-Stiftung, der Akademie der K\u00fcnste Berlin, des deutschen PEN, Kultur Kontakt, Wien, und des Cultural City Network, Graz. Mitglieder des Serbische PEN (Belgrad).<\/p>\n<p>Seit 2002 ist er Vizepr\u00e4sident des International Romani Writers Association IRWA (Helsinki), sowie Mitarbeiter des Rom e.V. in K\u00f6ln. Seit seiner Emigration im Jahr 1999 lebt er in Deutschland, zurzeit in K\u00f6ln.<br \/>\n<b>Ver\u00f6ffentlichungen, auf Deutsch:<\/b> Zimmer mit Rad. Gedichte und Prosa (Drava 2004); Wei\u00dfer Rabe, schwarzes Lamm (Drava 2006). Seelenf\u00e4nger, lautlos,l\u00e4rmend\u00a0 (Drava 2011).<\/p>\n<h4>\u00a0Manuskripte und Projekte:<\/h4>\n<ul>\n<li>\u00a0\u201ePOESIE\u201c, Gedichtsammlung<\/li>\n<li><i><\/i>&#8222;VOYEUR MIT TR\u00c4NENDEM \u00a0AUGE &#8222;, Roman in Arbeit<i> <\/i><\/li>\n<\/ul>\n<p><b>2011<\/b><\/p>\n<ul>\n<li>\u00a0\u201eSEELENF\u00c4NGER\u201c\u00a0 Buch , Prosa (<i>Drava Verlag, Klagenfurt<\/i>)<\/li>\n<li>GYPSY- ein literarischer Abend mit Texten von Jovan Nikolic, Ceija Stojka, Latscho Tschawo,<\/li>\n<li>Rajko Djuric, Alexandre Romanes u.a. Lesung von Roma Literatur in englischer, deutscher und franz\u00f6sischer Sprache. <i>Dramaturgie: Martha Marx, Theater Basel<\/i> (<i>Basel, Schweiz)<\/i><\/li>\n<li>ROMALE \u2013 Anthologie Kulturnetzwerk. Akademie Graz.(<i>Drava Verlag, Klagenfurt<\/i>)<\/li>\n<\/ul>\n<p><b>2010<\/b><\/p>\n<ul>\n<li>\u00a0GRENZVERKEHR II\u00a0 Anthologie, (\u201e<i>Reisender ohne Ziel<\/i>\u201c , Novelle, 13 Seite) Kultur Kontakt , Wien, Austria (<i>Drava Verlag, Klagenfurt<\/i>)<\/li>\n<li>\u00a0SERBIEN\u00a0 Anthologie, zur aktuellen serbischen literarischen Szene (kurze Prosa 9. Seite)<\/li>\n<li>\u201e<i>Neue Rundschau\u201c Heft 3 2010.\u00a0 S.Fischer Verlag,\u00a0 Frankfurt am Main<\/i><\/li>\n<li>VOIX\u00a0 DE LA MEDAITERRANEE , Anthologie Poesie<\/li>\n<li><i>13.\u00a0 Festival der Poesie in Lodeve,\u00a0 Frankreich<\/i><\/li>\n<li>\u201eMILAN. EINE REISE \u201c \u00a0Theaterst\u00fcck, Gedichte aus dem Buch \u00a0\u201eZimmer mit Rad\u201c<\/li>\n<li>Mise en sc\u00e8ne: Veronika Perthaner<\/li>\n<li>Theater Holzhausen (<i>\u00d6sterreich<\/i>)<\/li>\n<\/ul>\n<p><b>2009<\/b><\/p>\n<ul>\n<li>\u201eMANSARDA\u201c Adaption und Libretto des Romans von Danilo Ki\u0161 <i>Vier L\u00e4nder\u00a0 Musiktheaterprojekt (New York, Warschau, K\u00f6ln, Neapel).<\/i><\/li>\n<\/ul>\n<p><b>2008<\/b><\/p>\n<ul>\n<li>\u00a0&#8222;Mitten durch meine Zunge&#8220; Anthologie, Erfahrungen mit Sprache von Augustinus bis Zaimoglu, Hg. Brigitta und Thomas Busch (<i>Drava Verlag, Klagenfurt, Austria).<\/i><\/li>\n<li>\u00a0&#8222;VERWEILE DOCH&#8220;, Szenario, Texte f\u00fcr ein Spektakel auf der Donau , <i>Donau-Festival, Ulm.<\/i><\/li>\n<\/ul>\n<ul>\n<li>&#8222;WIR WOLLEN SPRECHEN&#8220; Selbstdarstellungen in der Literatur von Sinti und Roma, Hg. Deike Wilhelm, <i>Books on Demand GmbH, Schweiz.<\/i><\/li>\n<li>&#8222;DIE VERGESSENEN EUROP\u00c4ER&#8220;, Kunst der Roma und\u00a0 Sinti , Vorwort Katalogtext , 5 Gedichte als Exponate und Lesung, <i>Ausstellung im K\u00f6lnischen Stadtmuseum, K\u00f6ln.<\/i><\/li>\n<\/ul>\n<p><b>2007<\/b><\/p>\n<ul>\n<li>&#8222;HALBWEGS ZUM HIMMEL&#8220; Anthologie , 10 Jahre Internationales Haus der Autoren Graz, (<i>Leykam Verlag, Graz<\/i>).<\/li>\n<li>&#8222;critique des auteurs dramatiques europ\u00e9ens (1945-2000)&#8220;, Theater Anthologie von \u00a0Michel Corvin\u00a0;\u00ab\u00a0<i>Kosovo mon amour<\/i> \u00bb(Co-Autor Ruzdija Sejdovic) (<i>\u00c9ditions Th\u00e9\u00e2trales &#8211; Sc\u00e9r\u00e9n-CNDP<\/i>).Paris.<\/li>\n<li>\u00a0\u201eVoyeur mit \u00a0tr\u00e4nendem \u00a0Auge\u00a0 (<i>Auszug\u00a0 aus Roman<\/i>)<\/li>\n<li>(SPRACHGEBUNDEN\u00a0 3\/2007. Literaturmagazin) K\u00f6ln\/Berlin<\/li>\n<\/ul>\n<p><b>2006<\/b><\/p>\n<ul>\n<li>\u00a0&#8222;Weisser Rabe, schwarzes Lamm&#8220;, Buch ,Prosa, (<i>Drava Verlag, Klagenfurt<\/i>).<\/li>\n<li>\u00a0\u201eSINN UND FORM\u201c Literaturmagazin 2. Heft, 2006, Prosa, (<i>Aufbau Verlag, Berlin<\/i>).<\/li>\n<\/ul>\n<p>&nbsp;<\/p>\n<p><b>2004<\/b><\/p>\n<p>&#8222;Zimmer mit Rad&#8220; Buch , Gedichte und Prosa, <i>(Drava Verlag, Klagenfurt<\/i>)<\/p>\n<p>&#8222;Die neuen Mieter, Fremde Blicke auf ein vertrautes Land&#8220;, Anthologie,\u00a0 Lyrik, (<i>Aufbau Taschenbuch Verlag, Berlin)<\/i><\/p>\n<p>&#8222;MATIN\u00c9E DER POESIE&#8220;, Literaturpanorama<\/p>\n<p>des Poesiefestivals auf Schloss Burgau,<\/p>\n<p><i>Heinrich B\u00f6ll Haus Langenbroich e.V., D\u00fcren<\/i><\/p>\n<p>&nbsp;<\/p>\n<p><b>2003<\/b><\/p>\n<p>&#8222;UM ETWAS ZEIT ZU RETTEN&#8220; Anthologie,<\/p>\n<p>Literatur und Kunst im Heinrich-Haus Langenbroich,<\/p>\n<p><i>Heinrich B\u00f6ll Stiftung, Berlin<\/i><\/p>\n<p><b>2002<\/b><\/p>\n<p>&#8222;Kosovo Mon Amour&#8220;, Drama, Buch\u00a0 Jovan Nikolic &amp; Ruzdija Sejdovic, (<i>Editions Lespace D&#8217;un Instant, Paris)<\/i><\/p>\n<p>\u201eSINN UND FORM\u201c Literaturmagazin 3. Heft, 2002, sieben Gedichte, (<i>Aufbau Verlag, Berlin<\/i>)<\/p>\n<p>FAZ &#8211; Ver\u00f6ffentlichung zweier Gedichte im Feuilleton<\/p>\n<p><b>2000<\/b><\/p>\n<p>&#8222;Kosovo mon amour&#8220;, Drama ,<\/p>\n<p>Theater Pralipe, M\u00fclheim\/a.d.R.<\/p>\n<p>&#8211;\u00a0\u00a0\u00a0\u00a0\u00a0\u00a0\u00a0\u00a0\u00a0 Urauff\u00fchrung EXPO 2000, Hannover<\/p>\n<p>&#8211;\u00a0\u00a0\u00a0\u00a0\u00a0\u00a0\u00a0\u00a0\u00a0 Europ\u00e4isches Theaterfestival Recklinghausen<\/p>\n<p>&#8211;\u00a0\u00a0\u00a0\u00a0\u00a0\u00a0\u00a0\u00a0\u00a0 Theatar M\u00fclheim a.d. Ruhr<\/p>\n<p>&nbsp;<\/p>\n<p><b>1999<\/b><\/p>\n<p>-Dozent der Internationalen Sommerschule der Sprache und Kultur der Roma und Sinti, (<i>Beskow\/ Brandenburg)Deutschland.<\/i><\/p>\n<p><b>1998<\/b><\/p>\n<ul>\n<li>&#8222;Kleine Nachtgedichte&#8220;, Lyrik Gedichtband \u201eMale no\u0107ne pesme\u201c, <i>(Matica, Novi Sad)<\/i><\/li>\n<li>&#8222;Schwarze Katze, weisser Kater&#8220;, Liedtexte f\u00fcr den Film von Emir Kusturica.<\/li>\n<li>Dozent der Internationalen Sommerschule der Sprache und Kultur der Roma und Sinti, <i>(Beskow\/ Brandenburg) Deutschland<\/i>.<\/li>\n<\/ul>\n<p><b>1994<\/b><\/p>\n<ul>\n<li>&#8222;K\u00f6rper und Umgebung&#8220;, Gedichtband \u201e Telo i okolina&#8220;, <i>(Bigz Belgrad)<\/i><\/li>\n<\/ul>\n<p><b>1993<\/b><\/p>\n<ul>\n<li>&#8222;Die Augen der toten L\u00e4mmer&#8220;, Gedichtband \u201cO\u010di pokojnog jagnjeta\u201d, <i>(SKZ Ni\u0161)<\/i><\/li>\n<\/ul>\n<p><b>1991<\/b><\/p>\n<ul>\n<li>\u00a0&#8222;Ich will nicht geboren sein&#8220;, Gedichtband \u201eNe\u0107u da se rodim\u201c, <i>(KST Belgrad) <\/i><\/li>\n<li>\u201eCiganski Kabaret\u00a0\u00ab\u00a0 Premiere des Libreto <i>(Kabaret Rose, Belgrad)<\/i><\/li>\n<\/ul>\n<p><b>1990<\/b><\/p>\n<ul>\n<li>\u00a0&#8222;Die grosse serbische Erektion&#8220; Kom\u00f6die \u201eVelikosrpska Ukrudba\u201c, Co-Autor \u00a0mit J. Cosic (<i>Theater Du\u0161ko Radovi\u0107, Belgrad)<\/i><\/li>\n<\/ul>\n<p><b>1987<\/b><\/p>\n<ul>\n<li>&#8222;Georgstag&#8220;, Gedichtband \u201eDjurdjevdan\u201c, (BIGZ, Belgrad)<\/li>\n<li>Night for Good Vibration , Kabarett , Autor und Leiter des Programms <i>(KST\/ Club der Technik-Studenten, Belgrad)<\/i><\/li>\n<\/ul>\n<p><b>1986<\/b><\/p>\n<ul>\n<li>\u00a0&#8222;Ciganska fantazija&#8220;, \u00a0Libretto, <i>Tournee mit dem Musik-Orchester \u201eOdjila\u201c<\/i><\/li>\n<\/ul>\n<p><b>1985<\/b><\/p>\n<ul>\n<li>&#8222;Nur einen Tag in ihrer Stadt&#8220;, Theaterst\u00fcck f\u00fcr Kinder \u201e Jo\u0161 samo danas u va\u0161em gradu\u201c, <i>(Theater \u201eDusko Radovic\u201c Belgrad)<\/i><\/li>\n<\/ul>\n<p><b>1982<\/b><\/p>\n<ul>\n<li>\u00a0&#8222;Der Gast von nirgendwo&#8220;, \u00a0Gedichtband <i>(KOV- Verlag Vr\u0161ac)<\/i><\/li>\n<\/ul>\n<p><b>1977<\/b><\/p>\n<ul>\n<li>Erste Ver\u00f6ffentlichung von Gedichten im Literaturmagazin \u201eGradac\u201c <i>(in \u010ca\u010dak\/ Serbien)<\/i><\/li>\n<\/ul>\n<p><b>Preise:<\/b><\/p>\n<ul>\n<li>Jeweils erster Preis im st\u00e4dtischen Literaturwettbewerb junger Autoren der Stadt \u010ca\u010dak 1977<br \/>\nund 1978<\/li>\n<li>Jeweils erster Preis der Serbischen Republik f\u00fcr Nachwuchsautoren 1977 und 1978<\/li>\n<li>Dritter Preis f\u00fcr Nachwuchsautoren in Jugoslawien in Vrbas 1980<\/li>\n<li>Erster Preis f\u00fcr Nachwuchsautoren in Jugoslawien in Vrbas 1981<\/li>\n<li>&#8211; Erster Preis \u201eDiploma d\u00b4onor\u201c bei\u00a0 Internationalen Romakulturfestival in Lanciano,<br \/>\nItalien<\/li>\n<\/ul>\n<p><b>Stipendien:<\/b><\/p>\n<ul>\n<li>\u00a01999 Heinrich-B\u00f6ll-Stiftung (Berlin)<\/li>\n<li>2000 Akademie der K\u00fcnste (Berlin)<\/li>\n<li>2002 Kulturwerkstadt Graz (Austria)<\/li>\n<li>2000 PEN- Zentrum, Deutschland (Berlin-K\u00f6ln)<\/li>\n<li>2005 Stiftung K\u00fcnstlerdorf Sch\u00f6ppingen (Sch\u00f6ppingen)<\/li>\n<li>2007 Kultur Kontakt Austria (Wien)<\/li>\n<li>2008\u00a0 Denkmalschmiede H\u00f6fgen\u00a0 (Kaditzsch-Sachen)<\/li>\n<\/ul>\n","protected":false},"excerpt":{"rendered":"<p>Jovan Nikolic, geboren 1955 in Belgrad. Beide Eltern sind Musiker: Die Mutter, eine Serbin, singt, der Vater, ein Rom, spielt Saxophon. Seine Kindheit verbringt Jovan Nikolic auf Reisen mit den&#8230;<\/p>\n","protected":false},"author":1965,"featured_media":0,"parent":65,"menu_order":0,"comment_status":"closed","ping_status":"closed","template":"page-sidebar.php","meta":{"footnotes":""},"class_list":["post-1166","page","type-page","status-publish"],"_links":{"self":[{"href":"https:\/\/www.romev.de\/index.php?rest_route=\/wp\/v2\/pages\/1166","targetHints":{"allow":["GET"]}}],"collection":[{"href":"https:\/\/www.romev.de\/index.php?rest_route=\/wp\/v2\/pages"}],"about":[{"href":"https:\/\/www.romev.de\/index.php?rest_route=\/wp\/v2\/types\/page"}],"author":[{"embeddable":true,"href":"https:\/\/www.romev.de\/index.php?rest_route=\/wp\/v2\/users\/1965"}],"replies":[{"embeddable":true,"href":"https:\/\/www.romev.de\/index.php?rest_route=%2Fwp%2Fv2%2Fcomments&post=1166"}],"version-history":[{"count":8,"href":"https:\/\/www.romev.de\/index.php?rest_route=\/wp\/v2\/pages\/1166\/revisions"}],"predecessor-version":[{"id":2488,"href":"https:\/\/www.romev.de\/index.php?rest_route=\/wp\/v2\/pages\/1166\/revisions\/2488"}],"up":[{"embeddable":true,"href":"https:\/\/www.romev.de\/index.php?rest_route=\/wp\/v2\/pages\/65"}],"wp:attachment":[{"href":"https:\/\/www.romev.de\/index.php?rest_route=%2Fwp%2Fv2%2Fmedia&parent=1166"}],"curies":[{"name":"wp","href":"https:\/\/api.w.org\/{rel}","templated":true}]}}