{"id":1182,"date":"2014-02-06T08:02:30","date_gmt":"2014-02-06T07:02:30","guid":{"rendered":"http:\/\/www.romev.de\/?page_id=1182"},"modified":"2025-02-24T23:10:49","modified_gmt":"2025-02-24T22:10:49","slug":"kontakt","status":"publish","type":"page","link":"https:\/\/www.romev.de\/?page_id=1182","title":{"rendered":"Kontakt"},"content":{"rendered":"<p><strong>Rom e.V.<\/strong><br \/>\nRoma-Selbstorganisation f\u00fcr Teilhabe, Bildung und Kultur<\/p>\n<p>Venloer Wall 17<br \/>\n50672 K\u00f6ln<\/p>\n<p>Telefon: 0221-242536<\/p>\n<p><strong>\u00d6ffnungszeiten:<\/strong><br \/>\nMo &#8211; Fr: 08.00 &#8211; 18.00 Uhr<\/p>\n<p><strong><img loading=\"lazy\" decoding=\"async\" class=\"wp-image-296 size-full alignnone\" src=\"https:\/\/www.romev.de\/wp-content\/uploads\/2013\/11\/mo_4c_270x64px.gif\" alt=\"\" width=\"270\" height=\"64\" \/><\/strong><\/p>\n<p><img loading=\"lazy\" decoding=\"async\" class=\"wp-image-2216 size-thumbnail alignnone\" src=\"https:\/\/www.romev.de\/wp-content\/uploads\/logo_gelb_gr\u00fcn-142x150.jpg\" alt=\"interkulturelle Zentren K\u00f6ln\" width=\"142\" height=\"150\" srcset=\"https:\/\/www.romev.de\/wp-content\/uploads\/logo_gelb_gr\u00fcn-142x150.jpg 142w, https:\/\/www.romev.de\/wp-content\/uploads\/logo_gelb_gr\u00fcn-284x300.jpg 284w, https:\/\/www.romev.de\/wp-content\/uploads\/logo_gelb_gr\u00fcn.jpg 336w\" sizes=\"auto, (max-width: 142px) 100vw, 142px\" \/><\/p>\n<p>&nbsp;<\/p>\n","protected":false},"excerpt":{"rendered":"<p>Rom e.V. Roma-Selbstorganisation f\u00fcr Teilhabe, Bildung und Kultur Venloer Wall 17 50672 K\u00f6ln Telefon: 0221-242536 \u00d6ffnungszeiten: Mo &#8211; Fr: 08.00 &#8211; 18.00 Uhr &nbsp;<\/p>\n","protected":false},"author":1965,"featured_media":0,"parent":0,"menu_order":0,"comment_status":"closed","ping_status":"closed","template":"","meta":{"footnotes":""},"class_list":["post-1182","page","type-page","status-publish"],"_links":{"self":[{"href":"https:\/\/www.romev.de\/index.php?rest_route=\/wp\/v2\/pages\/1182","targetHints":{"allow":["GET"]}}],"collection":[{"href":"https:\/\/www.romev.de\/index.php?rest_route=\/wp\/v2\/pages"}],"about":[{"href":"https:\/\/www.romev.de\/index.php?rest_route=\/wp\/v2\/types\/page"}],"author":[{"embeddable":true,"href":"https:\/\/www.romev.de\/index.php?rest_route=\/wp\/v2\/users\/1965"}],"replies":[{"embeddable":true,"href":"https:\/\/www.romev.de\/index.php?rest_route=%2Fwp%2Fv2%2Fcomments&post=1182"}],"version-history":[{"count":26,"href":"https:\/\/www.romev.de\/index.php?rest_route=\/wp\/v2\/pages\/1182\/revisions"}],"predecessor-version":[{"id":5934,"href":"https:\/\/www.romev.de\/index.php?rest_route=\/wp\/v2\/pages\/1182\/revisions\/5934"}],"wp:attachment":[{"href":"https:\/\/www.romev.de\/index.php?rest_route=%2Fwp%2Fv2%2Fmedia&parent=1182"}],"curies":[{"name":"wp","href":"https:\/\/api.w.org\/{rel}","templated":true}]}}