{"id":1277,"date":"2014-02-06T23:27:04","date_gmt":"2014-02-06T22:27:04","guid":{"rendered":"http:\/\/www.romev.de\/?page_id=1277"},"modified":"2014-02-06T23:38:34","modified_gmt":"2014-02-06T22:38:34","slug":"stolpersteine-zum-gedaechtnis-werden-verlegt-2","status":"publish","type":"page","link":"https:\/\/www.romev.de\/?page_id=1277","title":{"rendered":"Stolpersteine zum Ged\u00e4chtnis werden verlegt"},"content":{"rendered":"<p>Am Montag, 29. April, wird Gunter Demnig in Gelsenkirchen 19 weitere Stolpersteine zum Gedenken an die Opfer des NS-Regimes in der Karl-Meyer-Stra\u00dfe, Steinfurthstra\u00dfe, Wanner Stra\u00dfe, Schalker Stra\u00dfe, Schalker Markt und in Horst verlegen.<\/p>\n<h4>Was ist ein Stolperstein?<\/h4>\n<p>Ein Stolperstein ist ein 10 x 10 x 10 cm gro\u00dfer Quader mit einer Messingplatte, die eine Inschrift mit den Worten \u201ehier wohnte\u201c- dann Name, Geburtsdatum, Datum der Deportation Ort der Deportation und dem Datum der Ermordung tr\u00e4gt.<\/p>\n<p>Die Idee dazu entstand 1990 in K\u00f6ln, wo Gunter Demnig in Zusammenarbeit mit dem K\u00f6lner Rom e.V. anl\u00e4sslich des 50. Jahrestages der Deportation mit einer Farbspur den Weg markierte, \u00fcber den die Opfer aus K\u00f6ln von ihren Wohnorten zum Deportationsgleis abtransportiert wurden. Die Opfer waren j\u00fcdische Mitb\u00fcrger, Homosexuelle, politisch Verfolgte, Sinti, Roma, Menschen mit Behinderungen und Zeugen Jehovas.<\/p>\n<h4>Eine Idee begeistert ganz Europa<\/h4>\n<p>Inzwischen ist aus der Idee eine Bewegung geworden. In ganz Europa hat es bisher 37 000 Verlegungen gegeben, davon in Deutschland 28 000. Die Stolperstein-Paten und die Angeh\u00f6rigen der Opfer nehmen auch in diesem Jahr wieder aktiv an der Stolpersteinverlegung teil &#8211; ebenso ist die \u00d6ffentlichkeit eingeladen. An den Verlegeorten wird jeweils f\u00fcr alle Angeh\u00f6rigen der Opferfamilien der j\u00fcdische Kantor das Totengebet singen und jeweils ein Pate die Biografien der Opfer verlesen.<\/p>\n<h4>Der Inner Wheel Club \u00fcbernimmt die Patenschaft f\u00fcr f\u00fcnf Steine<\/h4>\n<p>Der Inner Wheel Club Gelsenkirchen hat die Patenschaft f\u00fcr f\u00fcnf Stolpersteine f\u00fcr die f\u00fcnf ermordeten Mitglieder der Familie Tepper \u00fcbernommen, die auf der Schalker Stra\u00dfe 45 wohnten.<\/p>\n<h4>Gedenkstunde in der Bleckkirche<\/h4>\n<p>Der Verlegetag schlie\u00dft mit einer Gedenkstunde um 18 Uhr in der Bleckkirche, wo der Schriftsteller Joachim R\u00f6nneper aus seinem Buch \u201eVor meiner Haust\u00fcr\u201c lesen und Andreas Jordan vom Gelsenzentrum den Verlegetag reflektieren und an die Schicksale der 19 Opfer erinnern wird, denen die Stolpersteine gewidmet wurden.<\/p>\n<h4>Der Inner Wheel Club<\/h4>\n<p>Inner Wheel steht f\u00fcr Freundschaft, soziales Engagement und internationale Verst\u00e4ndigung, hat historische Verbindung zu Rotary und geh\u00f6rt heute mit ca. 100 000 Mitgliedern in 100 L\u00e4ndern zu den gr\u00f6\u00dften sozial t\u00e4tigen Frauenorganisationen.<\/p>\n<hr \/>\n<p>Artikel URL: <a href=\"http:\/\/www.lokalkompass.de\/gelsenkirchen\/leute\/stolpersteine-zum-gedaechtnis-werden-verlegt-d288613.html\" target=\"_blank\">http:\/\/www.lokalkompass.de\/gelsenkirchen\/leute\/stolpersteine-zum-gedaechtnis-werden-verlegt-d288613.html<\/a><\/p>\n","protected":false},"excerpt":{"rendered":"<p>Am Montag, 29. April, wird Gunter Demnig in Gelsenkirchen 19 weitere Stolpersteine zum Gedenken an die Opfer des NS-Regimes in der Karl-Meyer-Stra\u00dfe, Steinfurthstra\u00dfe, Wanner Stra\u00dfe, Schalker Stra\u00dfe, Schalker Markt und&#8230;<\/p>\n","protected":false},"author":1965,"featured_media":0,"parent":0,"menu_order":0,"comment_status":"closed","ping_status":"closed","template":"page-sidebar.php","meta":{"footnotes":""},"class_list":["post-1277","page","type-page","status-publish"],"_links":{"self":[{"href":"https:\/\/www.romev.de\/index.php?rest_route=\/wp\/v2\/pages\/1277","targetHints":{"allow":["GET"]}}],"collection":[{"href":"https:\/\/www.romev.de\/index.php?rest_route=\/wp\/v2\/pages"}],"about":[{"href":"https:\/\/www.romev.de\/index.php?rest_route=\/wp\/v2\/types\/page"}],"author":[{"embeddable":true,"href":"https:\/\/www.romev.de\/index.php?rest_route=\/wp\/v2\/users\/1965"}],"replies":[{"embeddable":true,"href":"https:\/\/www.romev.de\/index.php?rest_route=%2Fwp%2Fv2%2Fcomments&post=1277"}],"version-history":[{"count":5,"href":"https:\/\/www.romev.de\/index.php?rest_route=\/wp\/v2\/pages\/1277\/revisions"}],"predecessor-version":[{"id":1284,"href":"https:\/\/www.romev.de\/index.php?rest_route=\/wp\/v2\/pages\/1277\/revisions\/1284"}],"wp:attachment":[{"href":"https:\/\/www.romev.de\/index.php?rest_route=%2Fwp%2Fv2%2Fmedia&parent=1277"}],"curies":[{"name":"wp","href":"https:\/\/api.w.org\/{rel}","templated":true}]}}