{"id":2120,"date":"2015-04-09T23:20:52","date_gmt":"2015-04-09T22:20:52","guid":{"rendered":"http:\/\/www.romev.de\/?page_id=2120"},"modified":"2015-04-09T23:24:48","modified_gmt":"2015-04-09T22:24:48","slug":"edikteoriginal-drucke-im-besitz-des-archivs-des-rom-e-v","status":"publish","type":"page","link":"https:\/\/www.romev.de\/?page_id=2120","title":{"rendered":"Edikte(original Drucke) im Besitz des Archivs des Rom e.V."},"content":{"rendered":"<div class=\"art-postcontent\">\n<div class=\"art-article\">\n<p><b>1. Eberhard, Hertzog zu W\u00fcrtemberg, Stuttgart, 22.11.1683 (2 Seiten):<\/b><\/p>\n<\/div>\n<\/div>\n<div class=\"art-postcontent\">\n<div class=\"art-article\">\n<p>\u201e&#8230; Obwolen Krafft eines erst newlich vom 5.August de\u00df abgewichenen 1652.sten Jahrs in Unser gantzes Hertzogthumb publicierten General-Au\u00dfschreibens au\u00dff\u00fchrliche Verordnung beschehen wie es mit Abschaffung der Zigeuner auch Herrenlosen Gesind-lins von starcken Bettlern, Landr\u00f6cken, Vaganten und anderen umbschweiffenden m\u00fcssigen Leuthen gehalten werden solle &#8230;\u201c<\/p>\n<p><b>2. Friderich Carl, Hertzog zu W\u00fcrtemberg, Stuttgart, 5.3.1683 (2 Seiten):<\/b><\/p>\n<p>\u201e&#8230; Euch wird annoch erinnerlich seyn, was so wohl wegen Au\u00dfschaffund de\u00df rauberi-schen Ziegeiner-Gesindes vor eine Anstalt und Verordnung in Unser publicirten Lands-Ordnung &#8230; enthalten: &#8230;\u201c<\/p>\n<p><b>3. Friedrich, Herzog zu Sachsen, J\u00fclich, Cleve und Berg, auch Engern und Westphalen, Landgraf in Th\u00fcringen &#8230;, Friedenstein (gedruckt in Gotha), 20.11.1710:<\/b><\/p>\n<p>\u201eF\u00fcrstl. S\u00e4chs. Gothaisch- und Altenburgisch Mandat wider die Rauberischen Rotten der Ziegeuner, ingleichen die Land-Streicher und m\u00fc\u00dfiges Bettel-Volck, auch anders b\u00f6se Gesinde. &#8230;\u201c<\/p>\n<p><b>4. Johann Wilhelm, \u201ePfaltz-Graff bey Rhein, des Heil. R\u00f6m. Reichs Ertz-Truchse\u00df und Chur-F\u00fcrst in Bayrn, zu G\u00fclich, Cleve, und Berg Hertzog, F\u00fcrst zu M\u00f6r\u00df, Graff zu Veldentz, Sponheim, der Marck, und Ravensperg &#8230;\u201c, Neuburg, 6.2.1712:<\/b><\/p>\n<p><i>\u201eDemnach mir mehrmahlen zu unserem grossen Missfallen berichtet worden, da\u00df Unseres am 18.ten Octobris verwichenen 1710.ten Jahrs in Druck au\u00dfgefertigten , an denen offentlichen Land-Strassen: Und sonsten zu m\u00e4nniglichs Wissenschafft und Verwahrung affigirten: und publicirten Patents ungeachtet sich die Zigeiner, und zu denenselben rottirende Vaganten: auch ander heilloses Gesindel ungescheuchter Unser Hertzogthumb Neuburg betretten &#8230;\u201c <\/i><\/p>\n<p><b>5. \u201eDer F\u00fcrsten und St\u00e4nde des L\u00f6blichen Schw\u00e4bischen Crey\u00dfes bey gegenw\u00e4rtig-allgemeinem Convent, anwesende R\u00e4the, Bottschaften und Gesandte\u201c, Augsburg, 6.5.1720:<\/b><\/p>\n<p>\u201eNachdeme das h\u00f6chst-sch\u00e4dliche Jauner-Zigeuner- und anderes Diebs- und Herren-loses\u00a0 Gesind ohngeachtet der darwider au\u00dfgegengenen gesch\u00e4rfften Edicten, gleichwohl eine Zeithero sich h\u00e4uffiger als vorhin in dem Schw\u00e4bischen Crey\u00df eingefunden &#8230;\u201c<\/p>\n<p><b>6. \u201eDie F\u00fcrsten und St\u00e4nden des L\u00f6blichen Ober-Rheinischen Cray\u00dfes, bey gegenw\u00e4rtig-allgemeiner Versammlung anwesende R\u00e4the, Bottschaffter, und Gesandte\u201c, Frankfurt\/ M., 20.6.1722 (13 Seiten):<\/b><\/p>\n<p><i>\u201eGesch\u00e4rffte Poenal-Sanction und Verordnung des L\u00f6blichen Ober-Rheinischen Cray\u00dfes wider Das sch\u00e4ndliche Diebs- Raub- und Ziegeuner- so dann Herr-lose Jauner- Wild-Sch\u00fctzen auch m\u00fc\u00dfige und liederliche Bettel-Gesindt. &#8230;\u201c<\/i><\/p>\n<p><b>7. Fr. Wilhelm, K\u00f6nig in Preu\u00dfen, Berlin, 24.11.1724 (4 Seiten):<\/b><\/p>\n<p>\u201eErneuertes und gesch\u00e4rfftes Edict, wider die Raubereyen, und da\u00df dem Anzeiger einer Zigeuner- oder Diebes-Rotte zehen Thaler gezahlet, die im Werck ergriffenen Zigeuner und R\u00e4uber ohne Anfrage aufgehangen, die sich widersetzenden aber auch der Stelle tod geschossen werden sollen. &#8230;\u201c<\/p>\n<p><b>8. (Oberrheinischer Kreis), Frankfurt\/ M. (gedruckt in Mannheim), <\/b><b>19.12.1726<\/b>:<\/p>\n<p><i>\u201eInstruction wornach die vom l\u00f6blichen Ober-Rheinischen Cray\u00df Bestellte Cray\u00df-Land\u2014Lieutenants mit der untergebenen Mannschafft in denen ihnen aufgetragenen Verrichtungen sich zu achten haben. &#8230;\u201c<\/i><\/p>\n<p><b>9. \u201eR\u00e4uber- und Vagantenliste\u201c (also eine Fahndungsliste) aus dem Jahre <\/b><b>1734:<\/b><\/p>\n<p><i>\u201eVerzeichni\u00df derer annoch herum vagirende R\u00e4uber und Vagabunden \/ welche \/ der in Duisburg inhafftirter Zigeuner Johannes Schleger \/ entdecket hat \/ in Anno 1734 &#8230;\u201c<\/i><\/p>\n<p>10. Gemeinsame Verordnung von Damian Hugo, \u201eder Heil. R\u00f6m. Kirchen Cardinal, Bischoff zu Speyer und Constanz&#8230;\u201c und Carl Friderich, \u201eHertzog zu W\u00fcrtemberg u. Teck, auch in Schlesien &#8230;\u201c am 29.1.1742 (8 Seiten), ohne Ort:<\/p>\n<p><i>\u201eDemnach von zerschiedenen Orten her zu vernehmen, da\u00df das sch\u00e4dliche Jauner- und Zigeuner-Gesind sich in dem L\u00f6bl. Schw\u00e4bischen Crey\u00df abermahlen in grosser Menge hervor thue, und mit Einbr\u00fcchen, Raub und Pl\u00fcnderungen &#8230; aus\u00fcbe; &#8230;\u201c<\/i><\/p>\n<p>11. \u201eDer Churf\u00fcrsten, F\u00fcrsten und St\u00e4nden beeder L\u00f6bl. Chur- und Rheinischen Crey\u00dfen allhier anwesende R\u00e4the, Bottschaffter und Gesandte\u201c, Frankfurt\/ M., 4.9.1748 (32 Seiten):<\/p>\n<p><i>\u201eChur- und Ober-Rheinische Gemeinsame Poenal-Sanction und Verordnung wieder das sch\u00e4dliche Diebs- Raub- und Ziegeuner- so dann Herrnlose Jauner- Wildsch\u00fctzen- auch m\u00fc\u00dfig- und liederliche Bettel-Gesindel.\u201c<\/i><\/p>\n<p><b>12. \u201eChur-Pf\u00e4ltzische Regierung, F.A. Graff von Wieser\u201c, Mannheim, 20.12.1749 (eine Seite):<\/b><\/p>\n<p>Verordnung \u00fcber Kriegsknechte (nichts direkt \u00fcber Zigeuner o.\u00e4.)<\/p>\n<p>13. Carl, \u201eerw\u00e4hlter R\u00f6mischer Kayser &#8230;, K\u00f6nig in Germanien, Hispanien, Hungarien, B\u00f6hmen, Ertz-Hertzog in Oestreich, Hetzog in Burgund, Lottrich, Brabant, &#8230;\u201c, Luxemburg 1757:<\/p>\n<p><i>\u201e&#8230;Thun kund und zuwissen da\u00df nach dem Uns kl\u00e4glich vorkommen und annoch t\u00e4glich grosse Klagen wegen Uberlast, Kirchen-Diebstall und anderen R\u00e4ubereyen so durch Rotten, Zigeyner oder sich f\u00fcr solche angebendt hinterbracht werden, als welche sich auff dem platten-Land und hohen Strassen ausgebreitet, deren Zhal sich t\u00e4glich vermehrt &#8230;\u201c<\/i><\/p>\n<p>14. Carl, Herzog zu Braunschweig und L\u00fcneburg, Braunschweig, 17.5.1765 (4 Seiten):<\/p>\n<p><b><i>\u201eSerenissimi gn\u00e4digste Verordnung wegen des Diebes Gesindels &#8230;\u201c<\/i><\/b><\/p>\n<p>15. Fr\u00e4nkisches Kreis, N\u00fcrnberg, 17.11.1746 oder 1770 (?):<\/p>\n<p><i>\u201eDes L\u00f6bl. Fr\u00e4nckischen Creises anderweit verneuert und gesch\u00e4rftes Poenal Patent, wider Das Diebs- R\u00e4uberisch- Ziegeuner- Jaunerisch- Herrenloses und anderes Bettel-Gesind. &#8230;\u201c <\/i><\/p>\n<p>16. \u201eDon Carlos, Rey de Castilla, de Leon, de Aragon, &#8230;\u201c, Madrid, 26.9.1783:<\/p>\n<p><i>\u201ePramatica-Sancion, en fuerza de ley, en que se dan nuevas Reglas para conten\u00e9r, y castig\u00e1r la vagancia de los que hasta aqu\u00ed se han conoc\u00eddo con el nombre de Git\u00e1nos, \u00f3 Castell\u00e1nos nuevos, con lo dem\u00e1s que expr\u00e9sa.<\/i><\/p>\n<p><b>17. \u201eDon Carlos, Rey de Castilla, de Leon, de Arag\u00f3n, &#8230;\u201c, Madrid, 1787:<\/b><\/p>\n<p>\u201eReal Cedula de S.M. y Se\u00f1ores del Consejo, por la qual se manda a las Justicias del Reyno \u2026 en que se prescribieron reglas para conten\u00e9r y castig\u00e1r laagancia de los llamados Gitanos \u00f3 Castellanos nuevos\u00a0; \u2026\u201c<\/p>\n<p><b>18. \u201eDon Carlos, Rey de Castilla, de Leon, de Arag\u00f3n, &#8230;\u201c, Madrid, 1795:<\/b><\/p>\n<p>\u201eReal Cedula de S.M. y Se\u00f1ores del Consejo, por la que se declaran comprehendidos en el Indulto que conti\u00e8ne el Capitulo 35. de la Real Pragmatica sobre Gitanos de Septiembre de 1783, \u2026\u201c<\/p>\n<p><b>19. Gesetzsammlung f\u00fcr das Herzogthum Gotha, No.LXI: <\/b><\/p>\n<p><b><i>\u201eCircular-Verordnng die zwischen den Herzoglich S\u00e4chsischen Regierungen zu Altenburg und Gotha, \u00fcber die Aufnahme ausgewiesener oder heimathloser Personen, &#8230;, geschlossene Convention betreffend\u201c,<\/i> Gotha, 4.2.1831 (8 Seiten).<\/b><\/p>\n<p><b>20. Gro\u00dfherzogliches Kreisamt B\u00fcdingen an die Gro\u00dfherzoglichen B\u00fcrgermeistereien, betreffend <i>\u201edas Umherziehen ausl\u00e4ndischer Zigeuner im Kreis B\u00fcdingen<\/i>\u201c, B\u00fcdingen, 26.2.1879.<\/b><\/p>\n<p><b>21. Gro\u00dfherzogliches Kreisamt B\u00fcdingen an die Gro\u00dfherzoglichen B\u00fcrgermeistereien, betreffend <i>\u201eMa\u00dfregeln gegen das Zigeunerunwesen\u201c<\/i>, B\u00fcdingen, 17.10.1889.<\/b><\/p>\n<p><b>Daran angeh\u00e4ngt:<\/b><\/p>\n<p><b>Das Gro\u00dfherzogliche Ministerium des Innern und der Justiz an die Gro\u00dfherzoglichen Kreis\u00e4mter, betr.: wie oben, Darmstadt, 3.10.1889.<\/b><\/p>\n<p><b>Bl\u00e4tter aus alten B\u00fcchern u.\u00e4.:<\/b><\/p>\n<p><b>22.<\/b> Seite 267 f. (ein Blatt), \u00fcber Zigeuner <b><i>(\u201eDe gentilibus Christianis, quos uulgo Zuginer uocant &amp; latine Errones\u201c)<\/i><\/b> aus:<\/p>\n<p>Sebastian M\u00fcnster: Cosmographei oder Beschreibung aller L\u00e4nder, Herschafften, F\u00fcrnemsten &#8230;<\/p>\n<p>Basel (Petri) <b>1550<\/b>.<\/p>\n<p><b>23.<\/b> Unbekannte Quelle (ein Blatt), undatiert (nach1421); offenbar ein Buch \u00fcber die Schweiz:<\/p>\n<p>Das dreyzehend buch, das X.Cap.:<\/p>\n<p>\u201eAnkunfft der Zigyner. Von dreyen v\u00e4ldz\u00fcgen der Eidgenossen \u00fcber das gebirg wider den hertzogen von Meyland, und was sich darneben in der Eidgnoschafft gemeiner hendlen z\u00fcgetragen habind.\u201c<\/p>\n<p><b>24.<\/b> Unbekannte Quelle (4 Seiten), undatiert, darin:<\/p>\n<p><b>\u201eVon den Z\u00fcginern oder Heiden\u201c<\/b><\/p>\n<p><b>25.<\/b> Des Rudolst\u00e4dtischen Wochenblatts 18tes St\u00fcck (S.69-72), vom <b>7.5.1776<\/b> (darin: <b><i>\u201eVerordnung wegen der Zigeuner\u201c<\/i><\/b>)<\/p>\n<\/div>\n<\/div>\n<div class=\"art-postcontent\">\n<div class=\"art-article\">\n<p><b>26.<\/b> Des Rudolst\u00e4dtischen Wochenblatts 19tes und 20tes St\u00fcck (S.73-80), vom <b>14.5.1776<\/b> (darin: <b><i>\u201eBeschlu\u00df der Verordnung wegen der Zigeuner\u201c<\/i><\/b>)<\/p>\n<\/div>\n<\/div>\n","protected":false},"excerpt":{"rendered":"<p>1. Eberhard, Hertzog zu W\u00fcrtemberg, Stuttgart, 22.11.1683 (2 Seiten): \u201e&#8230; Obwolen Krafft eines erst newlich vom 5.August de\u00df abgewichenen 1652.sten Jahrs in Unser gantzes Hertzogthumb publicierten General-Au\u00dfschreibens au\u00dff\u00fchrliche Verordnung beschehen&#8230;<\/p>\n","protected":false},"author":1965,"featured_media":0,"parent":2111,"menu_order":1,"comment_status":"closed","ping_status":"closed","template":"page-sidebar.php","meta":{"footnotes":""},"class_list":["post-2120","page","type-page","status-publish"],"_links":{"self":[{"href":"https:\/\/www.romev.de\/index.php?rest_route=\/wp\/v2\/pages\/2120","targetHints":{"allow":["GET"]}}],"collection":[{"href":"https:\/\/www.romev.de\/index.php?rest_route=\/wp\/v2\/pages"}],"about":[{"href":"https:\/\/www.romev.de\/index.php?rest_route=\/wp\/v2\/types\/page"}],"author":[{"embeddable":true,"href":"https:\/\/www.romev.de\/index.php?rest_route=\/wp\/v2\/users\/1965"}],"replies":[{"embeddable":true,"href":"https:\/\/www.romev.de\/index.php?rest_route=%2Fwp%2Fv2%2Fcomments&post=2120"}],"version-history":[{"count":3,"href":"https:\/\/www.romev.de\/index.php?rest_route=\/wp\/v2\/pages\/2120\/revisions"}],"predecessor-version":[{"id":2124,"href":"https:\/\/www.romev.de\/index.php?rest_route=\/wp\/v2\/pages\/2120\/revisions\/2124"}],"up":[{"embeddable":true,"href":"https:\/\/www.romev.de\/index.php?rest_route=\/wp\/v2\/pages\/2111"}],"wp:attachment":[{"href":"https:\/\/www.romev.de\/index.php?rest_route=%2Fwp%2Fv2%2Fmedia&parent=2120"}],"curies":[{"name":"wp","href":"https:\/\/api.w.org\/{rel}","templated":true}]}}