{"id":215,"date":"2013-11-10T01:59:57","date_gmt":"2013-11-09T23:59:57","guid":{"rendered":"http:\/\/www.amaro-kher.de\/romev\/?page_id=215"},"modified":"2025-02-24T23:10:00","modified_gmt":"2025-02-24T22:10:00","slug":"impressum","status":"publish","type":"page","link":"https:\/\/www.romev.de\/?page_id=215","title":{"rendered":"Impressum"},"content":{"rendered":"<p><strong>Rom e. V.<\/strong><br \/>\nRoma-Selbstorganisation f\u00fcr Teilhabe, Bildung und Kultur<\/p>\n<p>Venloer Wall 17<br \/>\n50672 K\u00f6ln<\/p>\n<p>Telefon: +49 221 242536<br \/>\nTelefax: +49 221 2401715<\/p>\n<p>E-Mail: info@romev.de<br \/>\nInternet: www.romev.de<\/p>\n<p><strong>Gemeinschaftlich vertretungsbefugter Vorstand:<\/strong><br \/>\nSimone Treis, Doris Schmitz und Elisabeth Klesse<\/p>\n<p>Registergericht: Amtsgericht K\u00f6ln<br \/>\nRegisternummer: VR 9871<\/p>\n<p>Inhaltlich Verantwortlicher gem\u00e4\u00df \u00a7 55 Abs. 2 RStV: Simone Treis<br \/>\nMitglied im Deutschen Parit\u00e4tischen Wohlfahrtsverband.<\/p>\n<p><strong>Haftungshinweis:<\/strong> Trotz sorgf\u00e4ltiger inhaltlicher Kontrolle \u00fcbernehmen wir keine Haftung f\u00fcr die Inhalte externer Links. F\u00fcr den Inhalt der verlinkten Seiten sind ausschlie\u00dflich deren Betreiber verantwortlich.<\/p>\n<p><a href=\"http:\/\/www.romev.de\/wp-content\/uploads\/2013\/11\/mo_4c_270x64px.gif\" rel=\"prettyPhoto[gallery-nPH3]\" data-rel=\"lightbox-gallery-oCawR0L8\" data-imagelightbox=\"0\" data-rl_title=\"\" data-rl_caption=\"\" title=\"\"><img loading=\"lazy\" decoding=\"async\" class=\" wp-image-296 alignleft\" src=\"http:\/\/www.romev.de\/wp-content\/uploads\/2013\/11\/mo_4c_270x64px-150x35.gif\" alt=\"mo_4c_270x64px\" width=\"255\" height=\"59\" \/><\/a><\/p>\n<p>&nbsp;<\/p>\n<p><a href=\"http:\/\/www.romev.de\/wp-content\/uploads\/logo_gelb_gr\u00fcn.jpg\" rel=\"prettyPhoto[gallery-nPH3]\" data-rel=\"lightbox-gallery-oCawR0L8\" data-imagelightbox=\"1\" data-rl_title=\"\" data-rl_caption=\"\" title=\"\"><img loading=\"lazy\" decoding=\"async\" class=\" wp-image-2216\" src=\"http:\/\/www.romev.de\/wp-content\/uploads\/logo_gelb_gr\u00fcn.jpg\" alt=\"Druck\" width=\"192\" height=\"202\" srcset=\"https:\/\/www.romev.de\/wp-content\/uploads\/logo_gelb_gr\u00fcn.jpg 336w, https:\/\/www.romev.de\/wp-content\/uploads\/logo_gelb_gr\u00fcn-142x150.jpg 142w, https:\/\/www.romev.de\/wp-content\/uploads\/logo_gelb_gr\u00fcn-284x300.jpg 284w\" sizes=\"auto, (max-width: 192px) 100vw, 192px\" \/><\/a><\/p>\n","protected":false},"excerpt":{"rendered":"<p>Rom e. V. Roma-Selbstorganisation f\u00fcr Teilhabe, Bildung und Kultur Venloer Wall 17 50672 K\u00f6ln Telefon: +49 221 242536 Telefax: +49 221 2401715 E-Mail: info@romev.de Internet: www.romev.de Gemeinschaftlich vertretungsbefugter Vorstand: Simone&#8230;<\/p>\n","protected":false},"author":1965,"featured_media":0,"parent":0,"menu_order":0,"comment_status":"closed","ping_status":"closed","template":"","meta":{"footnotes":""},"class_list":["post-215","page","type-page","status-publish"],"_links":{"self":[{"href":"https:\/\/www.romev.de\/index.php?rest_route=\/wp\/v2\/pages\/215","targetHints":{"allow":["GET"]}}],"collection":[{"href":"https:\/\/www.romev.de\/index.php?rest_route=\/wp\/v2\/pages"}],"about":[{"href":"https:\/\/www.romev.de\/index.php?rest_route=\/wp\/v2\/types\/page"}],"author":[{"embeddable":true,"href":"https:\/\/www.romev.de\/index.php?rest_route=\/wp\/v2\/users\/1965"}],"replies":[{"embeddable":true,"href":"https:\/\/www.romev.de\/index.php?rest_route=%2Fwp%2Fv2%2Fcomments&post=215"}],"version-history":[{"count":14,"href":"https:\/\/www.romev.de\/index.php?rest_route=\/wp\/v2\/pages\/215\/revisions"}],"predecessor-version":[{"id":5933,"href":"https:\/\/www.romev.de\/index.php?rest_route=\/wp\/v2\/pages\/215\/revisions\/5933"}],"wp:attachment":[{"href":"https:\/\/www.romev.de\/index.php?rest_route=%2Fwp%2Fv2%2Fmedia&parent=215"}],"curies":[{"name":"wp","href":"https:\/\/api.w.org\/{rel}","templated":true}]}}