{"id":2502,"date":"2016-11-18T00:53:48","date_gmt":"2016-11-17T23:53:48","guid":{"rendered":"http:\/\/www.romev.de\/veranstaltungen\/"},"modified":"2018-09-10T15:23:45","modified_gmt":"2018-09-10T14:23:45","slug":"veranstaltungen","status":"publish","type":"page","link":"https:\/\/www.romev.de\/?page_id=2502","title":{"rendered":"Veranstaltungen"},"content":{"rendered":"<p>30 Jahre<br \/>\nErinnern &#8211; Erleben &#8211; Feiern<br \/>\nGelem, Gelem<br \/>\nWir gehen einen langen Weg<\/p>\n<p><span style=\"color: #993300;\"><strong>24.09. \u2013 02.10.2018<\/strong><\/span><br \/>\n<strong>Dokumentation und Ausstellung \u00fcber 30 Jahre<\/strong><br \/>\nPolitik und Sozialberatung, Erinnerung und<br \/>\nZukunft, Beschimpfung und Belobigung<\/p>\n<p>&#8211; Plakatausstellung<\/p>\n<p><span style=\"color: #993300;\"><strong>Montag, 24.09.2018<\/strong><\/span><br \/>\n<strong>Auftakt<\/strong><br \/>\nErz\u00e4hlcaf\u00e9<br \/>\nIm Anschluss Live-Musik<br \/>\n18-20.00 Uhr<\/p>\n<p><span style=\"color: #993300;\"><strong>Dienstag, 25.09.2018<\/strong><\/span><br \/>\n<strong>Flashmob<\/strong><br \/>\nan einigen Orten in der Stadt, die f\u00fcr die politische und soziale Arbeit des Rom e. V. eine besondere Rolle gespielt haben.<br \/>\n&#8211; Wer genauere Informationen m\u00f6chte, schickt bitte eine Mail an \u201e<a href=\"mailto:flashmob@romev.de\">flashmob@romev.de<\/a>\u201c.<\/p>\n<p><span style=\"color: #993300;\"><strong>Freitag, 28.09. 2018<\/strong><\/span><br \/>\n<strong>Das kleine Filmfest<br \/>\nTag des Films &#8211; Filme von und mit Roma<br \/>\n<\/strong>Dokumentar- und Spielfilme bis sp\u00e4t in die Nacht; dazu:<br \/>\n&#8211; ein Vortrag von Dr. Hilde Hoffmann, Ruhr-Uni \u201eRoma im Film &#8211; Warum wir so dringend andere Bilder brauchen\u201c<strong><br \/>\n<\/strong><\/p>\n<p><strong>14.00 &amp; 16:30 Uhr<br \/>\nPretty Dyana (OMU)<\/strong><br \/>\nRoma-Fl\u00fcchtlinge aus dem Kosovo versuchen in Belgrad zu \u00fcberleben, indem sie alte Citroen Dianas zu Transportwagen umbauen, um damit ihren Lebensunterhalt zu verdienen.<br \/>\n&#8211; Regisseur: Boris Mitic<br \/>\n&#8211; Serbien 2003<\/p>\n<p><strong>14.45 Uhr<br \/>\nDas wei\u00dfe Zauberpferd<\/strong><br \/>\nFamilien- und Abenteuerfilm, in dem die Jungen Tayton und Ossie auf die Suche nach einem ganz besonderen Pferd gehen.<br \/>\n&#8211; Regisseur: Mike Newell<br \/>\n&#8211; USA, Gro\u00dfbritanien, Irland 1993<\/p>\n<p><strong>17.15 Uhr<br \/>\nRoma in K\u00f6ln (Doku)<\/strong><br \/>\nK\u00f6ln und die Roma \u2013 die Anf\u00e4nge: Butzweiler Hof, P5 (Parkplatz am F\u00fchlinger See): Vorurteile, Rassismus, Angst um das Eigentum &#8211;<br \/>\nHilfsangebote, Unterst\u00fctzerInnen<br \/>\n&#8211; Regisseur: Uli Veith<br \/>\n&#8211; Deutschland 1989<\/p>\n<p><strong>18.00 Uhr<br \/>\nKatitzi (Katharina Taikon, Doku OMU)<\/strong><br \/>\nDie schwedische Roma-Aktivistin Katarina Taikon k\u00e4mpfte in den 60er und 70er Jahren um die Integration der Roma und schrieb<br \/>\neine 13teilige Kinderbuchserie.<br \/>\n&#8211; Regisseure: Lawen Mohtadi und<br \/>\nTamasz Gellert<br \/>\n&#8211; Schweden 2016<\/p>\n<p><strong>20.00 Uhr<br \/>\nVortrag und Diskussion zu den gezeigten Filmen:<\/strong><br \/>\n\u201eRoma im Film \u2013 warum wir so dringend andere Bilder brauchen\u201c<br \/>\n&#8211; Dr. Hilde Hoffmann, Uni Bochum<\/p>\n<p><strong>20.45 Uhr<br \/>\nDui Roma (Doku)<\/strong><br \/>\nErz\u00e4hlt die Geschichte des KZ\u00dcberlebenden Sinto Hugo H\u00f6llenreiner. Seine Erlebnisse setzt der Komponist Adrian Gaspar musikalisch um: die Symphonia Romani \u2013 Bari Duk.<br \/>\n&#8211; Regisseur: Iovanca Gaspar<br \/>\n&#8211; \u00d6sterreich 2013<\/p>\n<p><strong>21.30 Uhr<br \/>\nBrandmal (Fernsehfilm WDR)<\/strong><br \/>\nNachdem bei einer Brandstiftung in K\u00f6ln eine junge Frau umgekommen ist, ermitteln Freddy Schenk und Max Ballauf im Tatort \u201eBrandmal\u201c im Umfeld der Sinti und Roma, denen die Schuld an dem Anschlag gegeben wird.<br \/>\n&#8211; Regisseur: Maris Pfeiffer<br \/>\n&#8211; Deutschland 2008<\/p>\n<p><strong>23.00 Uhr<br \/>\nDjango \u2013 ein Leben f\u00fcr die Musik<\/strong><br \/>\n1943: Django Reinardt, der ber\u00fchmte \u201eZigeuner-Gitarrist\u201c, soll in Deutschland auftreten, um die Soldaten f\u00fcr die Front einzustimmen. Er weigert sich. Mitrei\u00dfender Film mit der Musik<br \/>\nDjango Reinhardts.<br \/>\n&#8211; Regisseur: Etienne Comar<br \/>\n&#8211; Frankreich 2017<\/p>\n<p><span style=\"color: #993300;\"><strong>Samstag, 29.09.2018<\/strong><\/span><br \/>\n<strong>19.00 Uhr<br \/>\nPodiumsdiskussion zum Thema: Identit\u00e4t und Selbstbezeichnung<\/strong><br \/>\nTeilnehmer:<br \/>\nNina Reinhardt, Dotschy Reinhardt aus Berlin,<br \/>\nDrita Jakupi und der Schauspieler\/Regisseur<br \/>\nNedjo Osman<\/p>\n<p><span style=\"color: #993300;\"><strong>Dienstag, 02.10.2018<\/strong><\/span><br \/>\n<strong>ab 17.00 Uhr<\/strong><br \/>\n<strong>Gro\u00dfes Rom e. V. &#8211; Fest<\/strong><br \/>\nWie immer mit Tanz, Essen, Trinken, Reden und viel Musik:<br \/>\nHop Stop Banda, Sing Gadhe, Romano Trajo, Blasorchester Deutschland.<br \/>\n[divider line_type=&#8220;Small Line&#8220; custom_height=&#8220;&#8220;]\n<p>Programmflyer herunterladen<\/p>\n<p><span style=\"color: #993300;\"><strong>Mittwoch, 04. 10. 2017, 19:00 Uhr<\/strong><\/span><br \/>\n<strong>Lesung: Mit den Fingern in Asche geschrieben<\/strong><\/p>\n<p>Lesung mit den Roma-Schriftstellern <strong>Jovan Nikolic<\/strong> und <strong>Ruzdija Sejdovic<\/strong><br \/>\nModeration: <strong>Dr. Karola Fings<\/strong><\/p>\n<p>Der Vater von Jovan Nikolic wurde aus Serbien in Lager in das Deutsche Reich verschleppt, der Urgro\u00dfvater von Ru\u017edija Sejdovic vor den Augen seiner Familie gefoltert, weil der die faschistische Hymne nicht singen wollte. Seit vielen Jahren leben und arbeiten die Roma-Schriftsteller Nikolic und Sejdovic in K\u00f6ln.<br \/>\nIn ihren Werken scheinen, mal explizit, mal verklausuliert, immer wieder die Spuren der NS-Verbrechen auf, denen ihre Eltern und Gro\u00dfeltern ausgesetzt waren, seitdem das Deutsche Reich und Italien im April 1941 Jugoslawien besetzt und aufgel\u00f6st hatten.<br \/>\nNach einer Lesung ausgew\u00e4hlter Texte folgt eine Diskussion dar\u00fcber, welche Bedeutung die Verfolgungsgeschichte der Vorfahren f\u00fcr die eigene literarische Arbeit hatte und hat.<\/p>\n<div class=\"titel\">NS-Dokumentationszentrum der Stadt K\u00f6ln<br \/>\nAppellhofplatz 23-25, D-50667 K\u00f6ln<\/div>\n<p>Eintritt: 4,50 \u20ac, \/ 2,50 \u20ac<\/p>\n<hr style=\"border-top: dotted 1px;\" \/>\n<p><span style=\"color: #993300;\"><strong>Dienstag, 05. 09. 2017, 19:00 Uhr<\/strong><\/span><br \/>\n<strong>Vortrag: Abschiebung in die Perspektivlosigkeit.<\/strong><\/p>\n<p>Zur Menschenrechtssituation von Roma in Europa Angesichts der europaweiten Fl\u00fcchtlingssituation und einer massiven Zunahme von fremdenfeindlicher<br \/>\nGewalt in Deutschland wird die Lage von Roma in S\u00fcdosteuropa und insbesondere auf dem Balkan vorwiegend unter Aspekten einer sogenannten \u201eArmutsmigration\u201c und einer vorgeblichen Einwanderung in die deutschen Sozialsysteme diskutiert. Rechtsextrem motivierte Angriffe, zunehmend auch auf Roma, wie zum Beispiel in Halle\/Saale, wo die Mobile Opferberatung einen enormen Anstieg verzeichnet, werden dort als ein \u201erelativ neues Ph\u00e4nomen\u201c wahrgenommen.<br \/>\nAber ist dieses Ph\u00e4nomen wirklich so neu?<br \/>\n<strong>Herbert Heu\u00df<\/strong> befasst sich mit der aktuellen Situation der Roma in einigen der sogenannten \u201esicheren Herkunftsl\u00e4ndern\u201c sowie in weiteren L\u00e4ndern\u00a0 Westeuropas und diskutiert m\u00f6gliche Perspektiven f\u00fcr die Zukunft.<br \/>\nHerbert Heu\u00df ist Politikwissenschaftler und wissenschaftlicher Leiter beim Zentralrat Deutscher Sinti und Roma.<br \/>\nIn Zusammenarbeit mit dem Zentralrat Deutscher Sinti und Roma.<\/p>\n<div class=\"titel\">NS-Dokumentationszentrum der Stadt K\u00f6ln<br \/>\nAppellhofplatz 23-25, D-50667 K\u00f6ln<\/div>\n<p>Eintritt: 4,50 \u20ac, \/ 2,50 \u20ac<\/p>\n<hr style=\"border-top: dotted 1px;\" \/>\n<p><span style=\"color: #993300;\"><strong>Donnerstag, 31.08.2017, um 19:00 Uhr:<\/strong><\/span><br \/>\nPodiumsdiskussion<br \/>\nBleiberecht statt Duldung und Abschiebung f\u00fcr Roma.<br \/>\nEs diskutieren Dr. Lothar Becker, Leiter der K\u00f6lner Ausl\u00e4nderbeh\u00f6rde, Claus-Ulrich Pr\u00f6l\u00df, K\u00f6lner Fl\u00fcchtlingsrat und Ossi Helling,<br \/>\nRom e. V. K\u00f6ln<\/p>\n<hr style=\"border-top: dotted 1px;\" \/>\n<p><span style=\"color: #800000;\"><strong>Mittwoch, 05.07.2017 um 19:30 Uhr:<\/strong><\/span><br \/>\nJovan Nicolic liest im Rahmen der Bleiberechtskampagne f\u00fcr langfristig Geduldete in K\u00f6ln.<br \/>\nDomforum, Domkloster 3, 50667 K\u00f6ln<br \/>\n<a href=\"http:\/\/www.romev.de\/wp-content\/uploads\/jovan_nikolic_lesung.pdf\" target=\"_blank\" rel=\"noopener\">Weitere Informationen<\/a><\/p>\n<p>&nbsp;<\/p>\n","protected":false},"excerpt":{"rendered":"<p>30 Jahre Erinnern &#8211; Erleben &#8211; Feiern Gelem, Gelem Wir gehen einen langen Weg 24.09. \u2013 02.10.2018 Dokumentation und Ausstellung \u00fcber 30 Jahre Politik und Sozialberatung, Erinnerung und Zukunft, Beschimpfung&#8230;<\/p>\n","protected":false},"author":1965,"featured_media":0,"parent":0,"menu_order":0,"comment_status":"closed","ping_status":"closed","template":"page-sidebar.php","meta":{"footnotes":""},"class_list":["post-2502","page","type-page","status-publish"],"_links":{"self":[{"href":"https:\/\/www.romev.de\/index.php?rest_route=\/wp\/v2\/pages\/2502","targetHints":{"allow":["GET"]}}],"collection":[{"href":"https:\/\/www.romev.de\/index.php?rest_route=\/wp\/v2\/pages"}],"about":[{"href":"https:\/\/www.romev.de\/index.php?rest_route=\/wp\/v2\/types\/page"}],"author":[{"embeddable":true,"href":"https:\/\/www.romev.de\/index.php?rest_route=\/wp\/v2\/users\/1965"}],"replies":[{"embeddable":true,"href":"https:\/\/www.romev.de\/index.php?rest_route=%2Fwp%2Fv2%2Fcomments&post=2502"}],"version-history":[{"count":17,"href":"https:\/\/www.romev.de\/index.php?rest_route=\/wp\/v2\/pages\/2502\/revisions"}],"predecessor-version":[{"id":2884,"href":"https:\/\/www.romev.de\/index.php?rest_route=\/wp\/v2\/pages\/2502\/revisions\/2884"}],"wp:attachment":[{"href":"https:\/\/www.romev.de\/index.php?rest_route=%2Fwp%2Fv2%2Fmedia&parent=2502"}],"curies":[{"name":"wp","href":"https:\/\/api.w.org\/{rel}","templated":true}]}}