{"id":2622,"date":"2017-02-14T08:59:40","date_gmt":"2017-02-14T07:59:40","guid":{"rendered":"http:\/\/www.romev.de\/?page_id=2622"},"modified":"2025-02-26T00:25:23","modified_gmt":"2025-02-25T23:25:23","slug":"romanes-mitgliedschaft","status":"publish","type":"page","link":"https:\/\/www.romev.de\/?page_id=2622","title":{"rendered":"romanes-mitgliedschaft"},"content":{"rendered":"<p>Mangen li organizacijaqe somdasne te oven?<\/p>\n<p>Ber\u015besqo molnope pherrde somdasnengo: 60 Euro<br \/>\nCikn\u01cerrdo molnope: 12 Euro<\/p>\n<p>Akate o <a href=\"https:\/\/www.romev.de\/wp-content\/uploads\/2025_Mitgliedsantrag_Romev.pdf\" target=\"_blank\" rel=\"noopener\">kontrakto<\/a> ikalen, pheren thaj po\u015bta\u00e7a bi\u0107halen:<\/p>\n<p>Rom e. V.<br \/>\nVenloer Wall 17<br \/>\n50672 K\u00f6ln<\/p>\n[divider line_type=&#8220;Small Line&#8220; custom_height=&#8220;&#8220;]\n<p><a href=\"http:\/\/www.romev.de\/?page_id=2296\"><img loading=\"lazy\" decoding=\"async\" class=\"alignleft size-full wp-image-2585\" src=\"http:\/\/www.romev.de\/wp-content\/uploads\/germany_flag_16.png\" alt=\"\" width=\"16\" height=\"16\" \/>Mitgliedschaft<\/a><\/p>\n","protected":false},"excerpt":{"rendered":"<p>Mangen li organizacijaqe somdasne te oven? Ber\u015besqo molnope pherrde somdasnengo: 60 Euro Cikn\u01cerrdo molnope: 12 Euro Akate o kontrakto ikalen, pheren thaj po\u015bta\u00e7a bi\u0107halen: Rom e. V. Venloer Wall 17&#8230;<\/p>\n","protected":false},"author":1965,"featured_media":0,"parent":0,"menu_order":0,"comment_status":"closed","ping_status":"closed","template":"","meta":{"footnotes":""},"class_list":["post-2622","page","type-page","status-publish"],"_links":{"self":[{"href":"https:\/\/www.romev.de\/index.php?rest_route=\/wp\/v2\/pages\/2622","targetHints":{"allow":["GET"]}}],"collection":[{"href":"https:\/\/www.romev.de\/index.php?rest_route=\/wp\/v2\/pages"}],"about":[{"href":"https:\/\/www.romev.de\/index.php?rest_route=\/wp\/v2\/types\/page"}],"author":[{"embeddable":true,"href":"https:\/\/www.romev.de\/index.php?rest_route=\/wp\/v2\/users\/1965"}],"replies":[{"embeddable":true,"href":"https:\/\/www.romev.de\/index.php?rest_route=%2Fwp%2Fv2%2Fcomments&post=2622"}],"version-history":[{"count":3,"href":"https:\/\/www.romev.de\/index.php?rest_route=\/wp\/v2\/pages\/2622\/revisions"}],"predecessor-version":[{"id":5956,"href":"https:\/\/www.romev.de\/index.php?rest_route=\/wp\/v2\/pages\/2622\/revisions\/5956"}],"wp:attachment":[{"href":"https:\/\/www.romev.de\/index.php?rest_route=%2Fwp%2Fv2%2Fmedia&parent=2622"}],"curies":[{"name":"wp","href":"https:\/\/api.w.org\/{rel}","templated":true}]}}