{"id":2672,"date":"2017-05-21T22:09:39","date_gmt":"2017-05-21T21:09:39","guid":{"rendered":"http:\/\/www.romev.de\/?page_id=2672"},"modified":"2023-11-07T20:46:34","modified_gmt":"2023-11-07T19:46:34","slug":"saalvermietung","status":"publish","type":"page","link":"https:\/\/www.romev.de\/?page_id=2672","title":{"rendered":"Saalvermietung"},"content":{"rendered":"[vc_row type=&#8220;in_container&#8220; full_screen_row_position=&#8220;middle&#8220; column_margin=&#8220;default&#8220; column_direction=&#8220;default&#8220; column_direction_tablet=&#8220;default&#8220; column_direction_phone=&#8220;default&#8220; scene_position=&#8220;center&#8220; text_color=&#8220;dark&#8220; text_align=&#8220;left&#8220; row_border_radius=&#8220;none&#8220; row_border_radius_applies=&#8220;bg&#8220; overlay_strength=&#8220;0.3&#8243; gradient_direction=&#8220;left_to_right&#8220; shape_divider_position=&#8220;bottom&#8220; bg_image_animation=&#8220;none&#8220;][vc_column column_padding=&#8220;padding-5-percent&#8220; column_padding_tablet=&#8220;inherit&#8220; column_padding_phone=&#8220;inherit&#8220; column_padding_position=&#8220;top&#8220; bottom_margin=&#8220;90&#8243; column_element_spacing=&#8220;default&#8220; background_color_opacity=&#8220;1&#8243; background_hover_color_opacity=&#8220;1&#8243; column_shadow=&#8220;none&#8220; column_border_radius=&#8220;none&#8220; column_link_target=&#8220;_self&#8220; gradient_direction=&#8220;left_to_right&#8220; overlay_strength=&#8220;0.3&#8243; width=&#8220;1\/1&#8243; tablet_width_inherit=&#8220;default&#8220; tablet_text_alignment=&#8220;default&#8220; phone_text_alignment=&#8220;default&#8220; bg_image_animation=&#8220;none&#8220; border_type=&#8220;simple&#8220; column_border_width=&#8220;none&#8220; column_border_style=&#8220;solid&#8220;][vc_column_text]\n<h1>Sie brauchen einen Saal?<br \/>\nWir haben die L\u00f6sung!<\/h1>\n<p>Wir vermieten Ihnen gerne unsere R\u00e4umlichkeiten f\u00fcr Ihre Geburtstags-, Hochzeits-, oder Familienfeier, oder f\u00fcr Ihre Veranstaltung.<\/p>\n<p>&nbsp;<\/p>\n[\/vc_column_text][vc_row_inner disable_element=&#8220;yes&#8220; column_margin=&#8220;default&#8220; column_direction=&#8220;default&#8220; column_direction_tablet=&#8220;default&#8220; column_direction_phone=&#8220;default&#8220; text_align=&#8220;left&#8220;][vc_column_inner column_padding=&#8220;no-extra-padding&#8220; column_padding_tablet=&#8220;inherit&#8220; column_padding_phone=&#8220;inherit&#8220; column_padding_position=&#8220;all&#8220; column_element_spacing=&#8220;default&#8220; background_color_opacity=&#8220;1&#8243; background_hover_color_opacity=&#8220;1&#8243; column_shadow=&#8220;none&#8220; column_border_radius=&#8220;none&#8220; column_link_target=&#8220;_self&#8220; gradient_direction=&#8220;left_to_right&#8220; overlay_strength=&#8220;0.3&#8243; width=&#8220;1\/3&#8243; tablet_width_inherit=&#8220;default&#8220; bg_image_animation=&#8220;none&#8220; border_type=&#8220;simple&#8220; column_border_width=&#8220;none&#8220; column_border_style=&#8220;solid&#8220;][vc_column_text]I am text block. Click edit button to change this text. Lorem ipsum dolor sit amet, consectetur adipiscing elit. Ut elit tellus, luctus nec ullamcorper mattis, pulvinar dapibus leo.[\/vc_column_text][\/vc_column_inner][vc_column_inner column_padding=&#8220;no-extra-padding&#8220; column_padding_tablet=&#8220;inherit&#8220; column_padding_phone=&#8220;inherit&#8220; column_padding_position=&#8220;all&#8220; column_element_spacing=&#8220;default&#8220; background_color_opacity=&#8220;1&#8243; background_hover_color_opacity=&#8220;1&#8243; column_shadow=&#8220;none&#8220; column_border_radius=&#8220;none&#8220; column_link_target=&#8220;_self&#8220; gradient_direction=&#8220;left_to_right&#8220; overlay_strength=&#8220;0.3&#8243; width=&#8220;1\/3&#8243; tablet_width_inherit=&#8220;default&#8220; bg_image_animation=&#8220;none&#8220; border_type=&#8220;simple&#8220; column_border_width=&#8220;none&#8220; column_border_style=&#8220;solid&#8220;][\/vc_column_inner][vc_column_inner column_padding=&#8220;no-extra-padding&#8220; column_padding_tablet=&#8220;inherit&#8220; column_padding_phone=&#8220;inherit&#8220; column_padding_position=&#8220;all&#8220; column_element_spacing=&#8220;default&#8220; background_color_opacity=&#8220;1&#8243; background_hover_color_opacity=&#8220;1&#8243; column_shadow=&#8220;none&#8220; column_border_radius=&#8220;none&#8220; column_link_target=&#8220;_self&#8220; gradient_direction=&#8220;left_to_right&#8220; overlay_strength=&#8220;0.3&#8243; width=&#8220;1\/3&#8243; tablet_width_inherit=&#8220;default&#8220; bg_image_animation=&#8220;none&#8220; border_type=&#8220;simple&#8220; column_border_width=&#8220;none&#8220; column_border_style=&#8220;solid&#8220;][\/vc_column_inner][\/vc_row_inner][\/vc_column][vc_column column_padding=&#8220;no-extra-padding&#8220; column_padding_tablet=&#8220;inherit&#8220; column_padding_phone=&#8220;inherit&#8220; column_padding_position=&#8220;all&#8220; column_element_spacing=&#8220;default&#8220; background_color_opacity=&#8220;1&#8243; background_hover_color_opacity=&#8220;1&#8243; column_shadow=&#8220;none&#8220; column_border_radius=&#8220;none&#8220; column_link_target=&#8220;_self&#8220; gradient_direction=&#8220;left_to_right&#8220; overlay_strength=&#8220;0.3&#8243; width=&#8220;1\/1&#8243; tablet_width_inherit=&#8220;default&#8220; tablet_text_alignment=&#8220;default&#8220; phone_text_alignment=&#8220;default&#8220; bg_image_animation=&#8220;none&#8220; border_type=&#8220;simple&#8220; column_border_width=&#8220;none&#8220; column_border_style=&#8220;solid&#8220;][\/vc_column][vc_column column_padding=&#8220;no-extra-padding&#8220; column_padding_tablet=&#8220;inherit&#8220; column_padding_phone=&#8220;inherit&#8220; column_padding_position=&#8220;all&#8220; column_element_spacing=&#8220;default&#8220; background_color_opacity=&#8220;1&#8243; background_hover_color_opacity=&#8220;1&#8243; column_shadow=&#8220;none&#8220; column_border_radius=&#8220;none&#8220; column_link_target=&#8220;_self&#8220; gradient_direction=&#8220;left_to_right&#8220; overlay_strength=&#8220;0.3&#8243; width=&#8220;1\/1&#8243; tablet_width_inherit=&#8220;default&#8220; tablet_text_alignment=&#8220;default&#8220; phone_text_alignment=&#8220;default&#8220; bg_image_animation=&#8220;none&#8220; border_type=&#8220;simple&#8220; column_border_width=&#8220;none&#8220; column_border_style=&#8220;solid&#8220;][vc_row_inner column_margin=&#8220;default&#8220; column_direction=&#8220;default&#8220; column_direction_tablet=&#8220;default&#8220; column_direction_phone=&#8220;default&#8220; text_align=&#8220;left&#8220;][vc_column_inner column_padding=&#8220;padding-5-percent&#8220; column_padding_tablet=&#8220;inherit&#8220; column_padding_phone=&#8220;inherit&#8220; column_padding_position=&#8220;all&#8220; column_element_spacing=&#8220;default&#8220; background_color=&#8220;#9fdbea&#8220; background_color_opacity=&#8220;1&#8243; background_color_hover=&#8220;#7cd4ea&#8220; background_hover_color_opacity=&#8220;1&#8243; column_shadow=&#8220;none&#8220; column_border_radius=&#8220;none&#8220; column_link_target=&#8220;_self&#8220; gradient_direction=&#8220;left_to_right&#8220; overlay_strength=&#8220;0.3&#8243; width=&#8220;1\/3&#8243; tablet_width_inherit=&#8220;default&#8220; bg_image_animation=&#8220;none&#8220; border_type=&#8220;simple&#8220; column_border_width=&#8220;none&#8220; column_border_style=&#8220;solid&#8220;][vc_column_text]<strong>Mietbedingungen<\/strong><br role=\"presentation\" \/><span dir=\"ltr\" role=\"presentation\">K\u00fcche, <\/span><span dir=\"ltr\" role=\"presentation\">Essensraum<\/span> <span dir=\"ltr\" role=\"presentation\">und <\/span><span dir=\"ltr\" role=\"presentation\">Roter Saal<\/span> a<span dir=\"ltr\" role=\"presentation\">lles zusammen<\/span> <strong><span dir=\"ltr\" role=\"presentation\">700,00\u20ac<\/span><\/strong><br role=\"presentation\" \/><span dir=\"ltr\" role=\"presentation\">Hausmeister. und Endreinigungspauschale: <strong>200,00\u20ac<\/strong><\/span><br role=\"presentation\" \/><span dir=\"ltr\" role=\"presentation\">Kaution\u00a0<\/span> <strong><span dir=\"ltr\" role=\"presentation\">500,00\u20ac<\/span><\/strong><\/p>\n<p><span dir=\"ltr\" role=\"presentation\">Wegen<\/span> <span dir=\"ltr\" role=\"presentation\">Terminvereinbarung<\/span> <span dir=\"ltr\" role=\"presentation\">k\u00f6nnen Sie uns<\/span><br role=\"presentation\" \/><span dir=\"ltr\" role=\"presentation\">per Mail, die Frau<\/span> <span dir=\"ltr\" role=\"presentation\">Kurtovic<\/span> <span dir=\"ltr\" role=\"presentation\">unter<\/span><br role=\"presentation\" \/><span dir=\"ltr\" role=\"presentation\">sanela.kurtovic<\/span><span dir=\"ltr\" role=\"presentation\">@romev.de<\/span> <span dir=\"ltr\" role=\"presentation\">oder telefonisch<\/span><br role=\"presentation\" \/><span dir=\"ltr\" role=\"presentation\">dienstag<\/span><span dir=\"ltr\" role=\"presentation\">s und<\/span> <span dir=\"ltr\" role=\"presentation\">donners<\/span><span dir=\"ltr\" role=\"presentation\">tags 10-1<\/span><span dir=\"ltr\" role=\"presentation\">5<\/span> <span dir=\"ltr\" role=\"presentation\">Uhr unter<\/span><br role=\"presentation\" \/><span dir=\"ltr\" role=\"presentation\">0221-242536<\/span> <span dir=\"ltr\" role=\"presentation\">kontaktieren und erreichen.<\/span><br role=\"presentation\" \/><span dir=\"ltr\" role=\"presentation\">Ihr Rom e.V.<\/span>[\/vc_column_text][\/vc_column_inner][vc_column_inner column_padding=&#8220;padding-5-percent&#8220; column_padding_tablet=&#8220;inherit&#8220; column_padding_phone=&#8220;inherit&#8220; column_padding_position=&#8220;all&#8220; column_element_spacing=&#8220;default&#8220; background_color=&#8220;#789dbf&#8220; background_color_opacity=&#8220;1&#8243; background_hover_color_opacity=&#8220;1&#8243; column_shadow=&#8220;none&#8220; column_border_radius=&#8220;none&#8220; column_link_target=&#8220;_self&#8220; gradient_direction=&#8220;left_to_right&#8220; overlay_strength=&#8220;0.3&#8243; width=&#8220;1\/3&#8243; tablet_width_inherit=&#8220;default&#8220; bg_image_animation=&#8220;none&#8220; border_type=&#8220;simple&#8220; column_border_width=&#8220;none&#8220; column_border_style=&#8220;solid&#8220;][vc_column_text]\n<p class=\"x_MsoNormal\"><strong>Potrebna vam je sala?<\/strong><br aria-hidden=\"true\" \/><strong>Mi imamo rje\u0161enje!<\/strong><\/p>\n<p class=\"x_MsoNormal\"><br aria-hidden=\"true\" \/>Rado \u0107emo vam iznajmiti na\u0161e prostorije za pros-<br aria-hidden=\"true\" \/>lavu va\u0161eg rodjendana, svadbe ili bilo koje druge<br aria-hidden=\"true\" \/>proslave ili doga\u0111aja po slede\u0107im cijenama:<\/p>\n<p class=\"x_MsoNormal\">Kuhinja<\/p>\n<p class=\"x_MsoNormal\">Sala za obrok <br aria-hidden=\"true\" \/>Crvena sala <br aria-hidden=\"true\" \/>Sve zajedno 700\u20ac<\/p>\n<p class=\"x_MsoNormal\"><br aria-hidden=\"true\" \/>Pored toga, obavezno je pla\u0107enje tro\u0161kova za doma-<br aria-hidden=\"true\" \/>ra, ciscenja kao i kaucije:<br aria-hidden=\"true\" \/>Tro\u0161kovi za domara 100\u20ac<\/p>\n<p class=\"x_MsoNormal\">Troskovi za ciscenje 100\u20ac<br aria-hidden=\"true\" \/>Kaucija 500\u20ac<\/p>\n<p class=\"x_MsoNormal\"><br aria-hidden=\"true\" \/>Za dogovor termina mo\u017eete da kontaktirate<\/p>\n<p class=\"x_MsoNormal\">gospo\u0111u Kurtovic putem E-Maila<br aria-hidden=\"true\" \/><a href=\"mailto:sanela.kurtovic@romev.de\" target=\"_blank\" rel=\"noopener noreferrer\" data-auth=\"NotApplicable\" data-linkindex=\"0\">sanela.kurtovic@romev.de<\/a><\/p>\n<p class=\"x_MsoNormal\">ili telefonom<br aria-hidden=\"true\" \/>utorkom i cetvrtkom od 10 do 15 \u010dasova pod<br aria-hidden=\"true\" \/>brojem 0221-242536<\/p>\n[\/vc_column_text][\/vc_column_inner][vc_column_inner column_padding=&#8220;padding-5-percent&#8220; column_padding_tablet=&#8220;inherit&#8220; column_padding_phone=&#8220;inherit&#8220; column_padding_position=&#8220;all&#8220; column_element_spacing=&#8220;default&#8220; background_color=&#8220;#69af66&#8243; background_color_opacity=&#8220;1&#8243; background_hover_color_opacity=&#8220;1&#8243; column_shadow=&#8220;none&#8220; column_border_radius=&#8220;none&#8220; column_link_target=&#8220;_self&#8220; gradient_direction=&#8220;left_to_right&#8220; overlay_strength=&#8220;0.3&#8243; width=&#8220;1\/3&#8243; tablet_width_inherit=&#8220;default&#8220; bg_image_animation=&#8220;none&#8220; border_type=&#8220;simple&#8220; column_border_width=&#8220;none&#8220; column_border_style=&#8220;solid&#8220;][vc_column_text]\n<p class=\"x_MsoNormal\">Pala sa aver informacije keren kontakto po<br aria-hidden=\"true\" \/>E-Mailo ki manu\u0161ni Kurtovic.<br aria-hidden=\"true\" \/><a href=\"mailto:sanela.kurtovic@romev.de\" target=\"_blank\" rel=\"noopener noreferrer\" data-auth=\"NotApplicable\" data-linkindex=\"1\">sanela.kurtovic@romev.de<\/a><br aria-hidden=\"true\" \/>Thaj po telefono: 0221-242536 Utora<br aria-hidden=\"true\" \/>hem Cetvtako 10:00-15\u2018:00 Tumaro Rom e.V<\/p>\n[\/vc_column_text][\/vc_column_inner][\/vc_row_inner][\/vc_column][vc_column column_padding=&#8220;no-extra-padding&#8220; column_padding_tablet=&#8220;inherit&#8220; column_padding_phone=&#8220;inherit&#8220; column_padding_position=&#8220;all&#8220; column_element_spacing=&#8220;default&#8220; background_color_opacity=&#8220;1&#8243; background_hover_color_opacity=&#8220;1&#8243; column_shadow=&#8220;none&#8220; column_border_radius=&#8220;none&#8220; column_link_target=&#8220;_self&#8220; gradient_direction=&#8220;left_to_right&#8220; overlay_strength=&#8220;0.3&#8243; width=&#8220;1\/1&#8243; tablet_width_inherit=&#8220;default&#8220; tablet_text_alignment=&#8220;default&#8220; phone_text_alignment=&#8220;default&#8220; bg_image_animation=&#8220;none&#8220; border_type=&#8220;simple&#8220; column_border_width=&#8220;none&#8220; column_border_style=&#8220;solid&#8220;][vc_column_text]<strong>Kontakt:<\/strong><br \/>\nSanela Kurtovic<br \/>\nVenloer Wall 17<br \/>\n50672 K\u00f6ln<br \/>\n<a href=\"mailto:sanela.kurtovic@romev.de\">sanela.kurtovic@romev.de<\/a><br \/>\nTelefon: 0221\/242536 (dienstags und donnerstags 10-15 Uhr)[\/vc_column_text][\/vc_column][\/vc_row][vc_row type=&#8220;in_container&#8220; full_screen_row_position=&#8220;middle&#8220; column_margin=&#8220;20px&#8220; column_direction=&#8220;default&#8220; column_direction_tablet=&#8220;default&#8220; column_direction_phone=&#8220;default&#8220; scene_position=&#8220;center&#8220; text_color=&#8220;dark&#8220; text_align=&#8220;left&#8220; row_border_radius=&#8220;none&#8220; row_border_radius_applies=&#8220;bg&#8220; overlay_strength=&#8220;0.3&#8243; gradient_direction=&#8220;left_to_right&#8220; shape_divider_position=&#8220;bottom&#8220; bg_image_animation=&#8220;none&#8220; shape_type=&#8220;&#8220;][vc_column column_padding=&#8220;no-extra-padding&#8220; column_padding_tablet=&#8220;inherit&#8220; column_padding_phone=&#8220;inherit&#8220; column_padding_position=&#8220;all&#8220; column_element_spacing=&#8220;default&#8220; background_color_opacity=&#8220;1&#8243; background_hover_color_opacity=&#8220;1&#8243; column_shadow=&#8220;none&#8220; column_border_radius=&#8220;none&#8220; column_link_target=&#8220;_self&#8220; gradient_direction=&#8220;left_to_right&#8220; overlay_strength=&#8220;0.3&#8243; width=&#8220;1\/2&#8243; tablet_width_inherit=&#8220;default&#8220; tablet_text_alignment=&#8220;default&#8220; phone_text_alignment=&#8220;default&#8220; bg_image_animation=&#8220;none&#8220; border_type=&#8220;simple&#8220; column_border_width=&#8220;none&#8220; column_border_style=&#8220;solid&#8220;][image_with_animation image_url=&#8220;3981&#8243; animation=&#8220;Fade In&#8220; hover_animation=&#8220;none&#8220; alignment=&#8220;center&#8220; img_link_large=&#8220;yes&#8220; border_radius=&#8220;none&#8220; box_shadow=&#8220;none&#8220; image_loading=&#8220;default&#8220; max_width=&#8220;100%&#8220; max_width_mobile=&#8220;default&#8220;][\/vc_column][vc_column column_padding=&#8220;no-extra-padding&#8220; column_padding_tablet=&#8220;inherit&#8220; column_padding_phone=&#8220;inherit&#8220; column_padding_position=&#8220;all&#8220; column_element_spacing=&#8220;default&#8220; background_color_opacity=&#8220;1&#8243; background_hover_color_opacity=&#8220;1&#8243; column_shadow=&#8220;none&#8220; column_border_radius=&#8220;none&#8220; column_link_target=&#8220;_self&#8220; gradient_direction=&#8220;left_to_right&#8220; overlay_strength=&#8220;0.3&#8243; width=&#8220;1\/2&#8243; tablet_width_inherit=&#8220;default&#8220; tablet_text_alignment=&#8220;default&#8220; phone_text_alignment=&#8220;default&#8220; bg_image_animation=&#8220;none&#8220; border_type=&#8220;simple&#8220; column_border_width=&#8220;none&#8220; column_border_style=&#8220;solid&#8220;][image_with_animation image_url=&#8220;3980&#8243; animation=&#8220;Fade In&#8220; hover_animation=&#8220;none&#8220; alignment=&#8220;&#8220; border_radius=&#8220;none&#8220; box_shadow=&#8220;none&#8220; image_loading=&#8220;default&#8220; max_width=&#8220;100%&#8220; max_width_mobile=&#8220;default&#8220;][\/vc_column][\/vc_row]\n","protected":false},"excerpt":{"rendered":"<p>[vc_row type=&#8220;in_container&#8220; full_screen_row_position=&#8220;middle&#8220; column_margin=&#8220;default&#8220; column_direction=&#8220;default&#8220; column_direction_tablet=&#8220;default&#8220; column_direction_phone=&#8220;default&#8220; scene_position=&#8220;center&#8220; text_color=&#8220;dark&#8220; text_align=&#8220;left&#8220; row_border_radius=&#8220;none&#8220; row_border_radius_applies=&#8220;bg&#8220; overlay_strength=&#8220;0.3&#8243; gradient_direction=&#8220;left_to_right&#8220; shape_divider_position=&#8220;bottom&#8220; bg_image_animation=&#8220;none&#8220;][vc_column column_padding=&#8220;padding-5-percent&#8220; column_padding_tablet=&#8220;inherit&#8220; column_padding_phone=&#8220;inherit&#8220; column_padding_position=&#8220;top&#8220; bottom_margin=&#8220;90&#8243; column_element_spacing=&#8220;default&#8220; background_color_opacity=&#8220;1&#8243; background_hover_color_opacity=&#8220;1&#8243; column_shadow=&#8220;none&#8220; column_border_radius=&#8220;none&#8220; column_link_target=&#8220;_self&#8220; gradient_direction=&#8220;left_to_right&#8220; overlay_strength=&#8220;0.3&#8243; width=&#8220;1\/1&#8243;&#8230;<\/p>\n","protected":false},"author":1965,"featured_media":0,"parent":0,"menu_order":0,"comment_status":"closed","ping_status":"closed","template":"","meta":{"footnotes":""},"class_list":["post-2672","page","type-page","status-publish"],"_links":{"self":[{"href":"https:\/\/www.romev.de\/index.php?rest_route=\/wp\/v2\/pages\/2672","targetHints":{"allow":["GET"]}}],"collection":[{"href":"https:\/\/www.romev.de\/index.php?rest_route=\/wp\/v2\/pages"}],"about":[{"href":"https:\/\/www.romev.de\/index.php?rest_route=\/wp\/v2\/types\/page"}],"author":[{"embeddable":true,"href":"https:\/\/www.romev.de\/index.php?rest_route=\/wp\/v2\/users\/1965"}],"replies":[{"embeddable":true,"href":"https:\/\/www.romev.de\/index.php?rest_route=%2Fwp%2Fv2%2Fcomments&post=2672"}],"version-history":[{"count":23,"href":"https:\/\/www.romev.de\/index.php?rest_route=\/wp\/v2\/pages\/2672\/revisions"}],"predecessor-version":[{"id":5374,"href":"https:\/\/www.romev.de\/index.php?rest_route=\/wp\/v2\/pages\/2672\/revisions\/5374"}],"wp:attachment":[{"href":"https:\/\/www.romev.de\/index.php?rest_route=%2Fwp%2Fv2%2Fmedia&parent=2672"}],"curies":[{"name":"wp","href":"https:\/\/api.w.org\/{rel}","templated":true}]}}