{"id":29,"date":"2013-11-04T13:36:15","date_gmt":"2013-11-04T11:36:15","guid":{"rendered":"http:\/\/www.amaro-kher.de\/romev\/?page_id=29"},"modified":"2016-10-25T19:42:29","modified_gmt":"2016-10-25T18:42:29","slug":"amaro-kher-unser-haus-familienzentrum-und-schulprojekt-fuer-roma-kinder","status":"publish","type":"page","link":"https:\/\/www.romev.de\/?page_id=29","title":{"rendered":"Amaro Kher \u2013 \u201eunser Haus\u201c Familienzentrum und Schulprojekt f\u00fcr Roma-Kinder"},"content":{"rendered":"<div>\n<div>\n<div id=\"attachment_147\" style=\"width: 310px\" class=\"wp-caption alignright\"><a href=\"http:\/\/www.romev.de\/wp-content\/uploads\/2013\/11\/munoz_besuch.jpg\" rel=\"prettyPhoto[gallery-vv9b]\" data-rel=\"lightbox-gallery-kpjxjC5K\" data-imagelightbox=\"0\" data-rl_title=\"\" data-rl_caption=\"\" title=\"\"><img loading=\"lazy\" decoding=\"async\" aria-describedby=\"caption-attachment-147\" class=\"wp-image-147 size-medium\" src=\"http:\/\/www.romev.de\/wp-content\/uploads\/2013\/11\/munoz_besuch-300x232.jpg\" alt=\"munoz_besuch\" width=\"300\" height=\"232\" srcset=\"https:\/\/www.romev.de\/wp-content\/uploads\/2013\/11\/munoz_besuch-300x232.jpg 300w, https:\/\/www.romev.de\/wp-content\/uploads\/2013\/11\/munoz_besuch-150x116.jpg 150w, https:\/\/www.romev.de\/wp-content\/uploads\/2013\/11\/munoz_besuch.jpg 384w\" sizes=\"auto, (max-width: 300px) 100vw, 300px\" \/><\/a><p id=\"caption-attachment-147\" class=\"wp-caption-text\">Der UN-Sonderbotschafter Prof. Munoz<\/p><\/div>\n<p>Nachdem der K\u00f6lner Rat die politische Entscheidung traf, Roma Fl\u00fcchtlingskindern in K\u00f6ln p\u00e4dagogisch eine Chance zu geben, konnte im Sommer 2004 das vom Rom e.V. entwickelte Schulmodell Amaro Kher umgesetzt werden.In Kooperation mit dem Jugendamt und Schulamt und vernetzt mit Schulen, Kinder- und Jugendeinrichtungen und Fl\u00fcchtlingsorganisationen, konnte ein erfolgreiches Schulprojekt aufgebaut werden. \u201eGeduldete\u201c Kinder aus Fl\u00fcchtlingsheimen bekommen hier eine ihren schwierigen Lebensverh\u00e4ltnissen angemessene schulische Bildung und sozialp\u00e4dagogische Begleitung, die auch von den Eltern positiv angenommen wird.<\/p>\n<p>Der UN-Sonderbotschafter Prof. Munoz lobte bei seinem Besuch 2006 das Schulprojekt, weil hier das Recht auf Bildung f\u00fcr Roma-Kinder realisiert wird.<\/p>\n<p>Neben dem Unterricht in zwei Klassen gibt es F\u00f6rder- und Freizeitangebote am Nachmittag, drei gesunde Malzeiten und Schulbusse, mit denen die Kinder abgeholt werden. Mit der p\u00e4dagogischen F\u00f6rderung in Amaro Kher wird den oftmals traumatisierten und bisher p\u00e4dagogisch vernachl\u00e4ssigten Kindern eine Bildungschance gegeben. Positive Lernerfahrungen, ein sich entwickelndes Selbstvertrauen und Sicherheit im Umgang mit Sprache und Lernkultur der Mehrheitsgesellschaft sind wichtige Voraussetzungen f\u00fcr den \u00dcbergang in die allgemeinbildenden Regelschulen.<\/p>\n<p>Kooperative Schul- und Freizeitprojekte und eine bildungsorientierte Elternarbeit best\u00e4rken die Kinder und ihre Familien im interkulturellen Austausch und in ihren W\u00fcnschen nach gesellschaftlicher Integration und Anerkennung.<\/p>\n<hr \/>\n<p><strong>Weitere Artikel zum Thema<\/strong><\/p>\n<p><a href=\"http:\/\/www.amaro-kher.de\/rom\/index.php?option=com_content&amp;view=article&amp;id=169:ein-neuer-start-in-amaro-kher&amp;catid=43\">Ein neuer Start in Amaro Kher<\/a><\/p>\n<hr \/>\n<a class=\"nectar-button n-sc-button large accent-color regular-button\" target=\"_blank\" href=\"http:\/\/www.3x1machtstark.de\/\" data-color-override=\"false\" data-hover-color-override=\"false\" data-hover-text-color-override=\"#fff\"><span>Wir sind eine von \u00fcber 60 Schulen und Kitas bundesweit im Programm 3x1 macht stark! von Save the Children Deutschland e. V. Gemeinsam mit den Eltern unserer Schule setzen wir vielf\u00e4ltige Aktivit\u00e4ten wie Ideenwerkst\u00e4tten oder Aktionstage um. Unsere Kita\/unsere Schule ist ein Ort, an dem die ganze Familie willkommen ist. <\/span><\/a>\n<\/div>\n<\/div>\n","protected":false},"excerpt":{"rendered":"<p>Nachdem der K\u00f6lner Rat die politische Entscheidung traf, Roma Fl\u00fcchtlingskindern in K\u00f6ln p\u00e4dagogisch eine Chance zu geben, konnte im Sommer 2004 das vom Rom e.V. entwickelte Schulmodell Amaro Kher umgesetzt&#8230;<\/p>\n","protected":false},"author":1965,"featured_media":0,"parent":0,"menu_order":0,"comment_status":"closed","ping_status":"closed","template":"page-sidebar.php","meta":{"footnotes":""},"class_list":["post-29","page","type-page","status-publish"],"_links":{"self":[{"href":"https:\/\/www.romev.de\/index.php?rest_route=\/wp\/v2\/pages\/29","targetHints":{"allow":["GET"]}}],"collection":[{"href":"https:\/\/www.romev.de\/index.php?rest_route=\/wp\/v2\/pages"}],"about":[{"href":"https:\/\/www.romev.de\/index.php?rest_route=\/wp\/v2\/types\/page"}],"author":[{"embeddable":true,"href":"https:\/\/www.romev.de\/index.php?rest_route=\/wp\/v2\/users\/1965"}],"replies":[{"embeddable":true,"href":"https:\/\/www.romev.de\/index.php?rest_route=%2Fwp%2Fv2%2Fcomments&post=29"}],"version-history":[{"count":12,"href":"https:\/\/www.romev.de\/index.php?rest_route=\/wp\/v2\/pages\/29\/revisions"}],"predecessor-version":[{"id":2494,"href":"https:\/\/www.romev.de\/index.php?rest_route=\/wp\/v2\/pages\/29\/revisions\/2494"}],"wp:attachment":[{"href":"https:\/\/www.romev.de\/index.php?rest_route=%2Fwp%2Fv2%2Fmedia&parent=29"}],"curies":[{"name":"wp","href":"https:\/\/api.w.org\/{rel}","templated":true}]}}