{"id":3543,"date":"2020-06-12T10:26:22","date_gmt":"2020-06-12T09:26:22","guid":{"rendered":"https:\/\/www.romev.de\/?page_id=3543"},"modified":"2022-07-10T23:34:17","modified_gmt":"2022-07-10T22:34:17","slug":"rassismuskritische-bildungsarbeit-und-empowerment","status":"publish","type":"page","link":"https:\/\/www.romev.de\/?page_id=3543","title":{"rendered":"Rassismuskritische Bildungsarbeit und Empowerment"},"content":{"rendered":"<p>Die Schwerpunkte der Arbeit im Projekt RomBuK liegen auf der rassismuskritischen Bildungsarbeit gegen Antiziganismus und auf der Unterst\u00fctzung von Empowerment, wobei insbesondere Projekte von, f\u00fcr und mit K\u00f6lner Rom:nja und Sinti:ze gef\u00f6rdert werden. Ziel ist es, f\u00fcr eine gleichberechtigte Teilhabe von Rom:nja und Sinti:ze einzutreten und dem Antiziganismus entgegenzuwirken.<\/p>\n<p>Mit vielf\u00e4ltigen <strong>Bildungsangeboten<\/strong> soll die Gesellschaft f\u00fcr antiziganistische Bilder und Praktiken sensibilisiert werden, um eine kritische Reflexion einzuleiten und damit einhergehend die (eigenen) rassistischen Stereotype und Vorurteile aufl\u00f6sen zu k\u00f6nnen.<\/p>\n<p>Wir bieten\u2026:<\/p>\n<ul>\n<li>Workshops<\/li>\n<li>Veranstaltungen<\/li>\n<li>Fortbildungen<\/li>\n<li>Tagungen<\/li>\n<li><a href=\"https:\/\/www.romev.de\/?page_id=4505\">Projekte<\/a>, darunter das <a href=\"https:\/\/www.romev.de\/?page_id=4389\">Zeitzeug:innenprojekt<\/a><\/li>\n<li>Stadtteilf\u00fchrungen durch Ehrenfeld und das Griechenmarktviertel<\/li>\n<li>Herausgabe der Online-Zeitschrift \u201e<a href=\"https:\/\/www.romev.de\/?page_id=167\">Nevipe<\/a>\u201c<\/li>\n<li>Informationen \u00fcber unsere Social Media Kan\u00e4le: <a href=\"https:\/\/www.facebook.com\/RomBuK2019\">Facebook<\/a> und <a href=\"https:\/\/www.instagram.com\/rombuk_2019\/\" target=\"_blank\" rel=\"noopener\">Instagram<\/a><\/li>\n<li>Materialsammlungen, darunter <a href=\"https:\/\/www.romev.de\/wp-content\/uploads\/Literaturempfehlungen-fuer-Lehrkraefte.pdf\">Literaturempfehlungen f\u00fcr Lehrkr\u00e4fte<\/a><\/li>\n<\/ul>\n<p>\u2026.<\/p>\n<p>\u2026 zu folgenden Themen::<\/p>\n<ul>\n<li>Antiziganismus als Problem der Dominanzgesellschaft<\/li>\n<li>Sensibilisierung f\u00fcr Rassismuserfahrungen von Rom:nja und Sinti:ze<\/li>\n<li>Empowerment<\/li>\n<li>Geschichte(n) und Lebensrealit\u00e4ten der Communities<\/li>\n<li>Rom:nja und Sinti:ze im Nationalsozialismus<\/li>\n<li>Erinnerungskultur(en)<\/li>\n<li>\u2026.<\/li>\n<\/ul>\n<p>Die Angebote richten sich an <strong>Jugendliche und Erwachsene<\/strong>, insbesondere an<\/p>\n<ul>\n<li>(au\u00dfer-) schulische Multiplikator:innen,<\/li>\n<li>(zivil-) gesellschaftliche und staatliche Akteur:innen<\/li>\n<\/ul>\n<p>Die Angebote k\u00f6nnen nach Absprache an die jeweiligen Bedarfe und Kenntnisse der Zielgruppe angepasst werden.<\/p>\n<p>F\u00fcr Anfragen bez\u00fcglich der Workshops, der Bildungsangebote und f\u00fcr Terminabsprachen, wenden Sie sich bitte an das Team:<\/p>\n<p><strong>RomBuK- Bildung und Kultur<\/strong><\/p>\n<p>E-Mail: <a href=\"mailto:rombuk@romev.de\">rombuk@romev.de<\/a><\/p>\n<p>Telefon: 0221-278 60 76<\/p>\n<p>Im Rahmen von RomBuK finden regelm\u00e4\u00dfig Kulturveranstaltungen, wie etwa Lesungen oder Filmvorf\u00fchrungen, statt.<\/p>\n<p>Bleiben Sie auf dem Laufenden und folgen Sie uns in den Sozialen Medien, um nichts mehr zu verpassen!<\/p>\n<p><strong>Facebook:<\/strong> RomBuK2019\u00a0 <strong>Instagram:<\/strong> rombuk_2019 <strong>Youtube:<\/strong> RomBuK \u2013 Bildung und Kultur im Rom e.V.<\/p>\n<p>&nbsp;<\/p>\n<p>&nbsp;<\/p>\n<p>&nbsp;<\/p>\n<p>&nbsp;<\/p>\n<p>&nbsp;<\/p>\n<p>&nbsp;<\/p>\n<p>&nbsp;<\/p>\n","protected":false},"excerpt":{"rendered":"<p>Die Schwerpunkte der Arbeit im Projekt RomBuK liegen auf der rassismuskritischen Bildungsarbeit gegen Antiziganismus und auf der Unterst\u00fctzung von Empowerment, wobei insbesondere Projekte von, f\u00fcr und mit K\u00f6lner Rom:nja und&#8230;<\/p>\n","protected":false},"author":1965,"featured_media":0,"parent":0,"menu_order":0,"comment_status":"closed","ping_status":"closed","template":"","meta":{"footnotes":""},"class_list":["post-3543","page","type-page","status-publish"],"_links":{"self":[{"href":"https:\/\/www.romev.de\/index.php?rest_route=\/wp\/v2\/pages\/3543","targetHints":{"allow":["GET"]}}],"collection":[{"href":"https:\/\/www.romev.de\/index.php?rest_route=\/wp\/v2\/pages"}],"about":[{"href":"https:\/\/www.romev.de\/index.php?rest_route=\/wp\/v2\/types\/page"}],"author":[{"embeddable":true,"href":"https:\/\/www.romev.de\/index.php?rest_route=\/wp\/v2\/users\/1965"}],"replies":[{"embeddable":true,"href":"https:\/\/www.romev.de\/index.php?rest_route=%2Fwp%2Fv2%2Fcomments&post=3543"}],"version-history":[{"count":4,"href":"https:\/\/www.romev.de\/index.php?rest_route=\/wp\/v2\/pages\/3543\/revisions"}],"predecessor-version":[{"id":4666,"href":"https:\/\/www.romev.de\/index.php?rest_route=\/wp\/v2\/pages\/3543\/revisions\/4666"}],"wp:attachment":[{"href":"https:\/\/www.romev.de\/index.php?rest_route=%2Fwp%2Fv2%2Fmedia&parent=3543"}],"curies":[{"name":"wp","href":"https:\/\/api.w.org\/{rel}","templated":true}]}}