{"id":3545,"date":"2020-06-12T10:27:45","date_gmt":"2020-06-12T09:27:45","guid":{"rendered":"https:\/\/www.romev.de\/?page_id=3545"},"modified":"2022-10-05T11:55:50","modified_gmt":"2022-10-05T10:55:50","slug":"archiv-und-dokumentationszentrum-bibliotek","status":"publish","type":"page","link":"https:\/\/www.romev.de\/?page_id=3545","title":{"rendered":"Archiv und Dokumentationszentrum \/Bibliothek"},"content":{"rendered":"[vc_row type=&#8220;in_container&#8220; full_screen_row_position=&#8220;middle&#8220; column_margin=&#8220;default&#8220; scene_position=&#8220;center&#8220; text_color=&#8220;dark&#8220; text_align=&#8220;left&#8220; overlay_strength=&#8220;0.3&#8243; shape_divider_position=&#8220;bottom&#8220; bg_image_animation=&#8220;none&#8220;][vc_column column_padding=&#8220;no-extra-padding&#8220; column_padding_position=&#8220;all&#8220; background_color_opacity=&#8220;1&#8243; background_hover_color_opacity=&#8220;1&#8243; column_link_target=&#8220;_self&#8220; column_shadow=&#8220;none&#8220; column_border_radius=&#8220;none&#8220; width=&#8220;1\/1&#8243; tablet_width_inherit=&#8220;default&#8220; tablet_text_alignment=&#8220;default&#8220; phone_text_alignment=&#8220;default&#8220; overlay_strength=&#8220;0.3&#8243; column_border_width=&#8220;none&#8220; column_border_style=&#8220;solid&#8220; bg_image_animation=&#8220;none&#8220;][vc_row_inner column_margin=&#8220;default&#8220; text_align=&#8220;left&#8220;][vc_column_inner column_padding=&#8220;padding-3-percent&#8220; column_padding_position=&#8220;all&#8220; centered_text=&#8220;true&#8220; background_color=&#8220;#1e73be&#8220; background_color_opacity=&#8220;0.5&#8243; background_color_hover=&#8220;#1e73be&#8220; background_hover_color_opacity=&#8220;0.8&#8243; column_shadow=&#8220;medium_depth&#8220; column_border_radius=&#8220;5px&#8220; column_link_target=&#8220;_self&#8220; width=&#8220;1\/1&#8243; tablet_width_inherit=&#8220;default&#8220; overlay_strength=&#8220;0.3&#8243; column_border_width=&#8220;none&#8220; column_border_style=&#8220;solid&#8220; bg_image_animation=&#8220;none&#8220;][image_with_animation image_url=&#8220;4212&#8243; alignment=&#8220;&#8220; animation=&#8220;None&#8220; hover_animation=&#8220;none&#8220; border_radius=&#8220;none&#8220; box_shadow=&#8220;none&#8220; image_loading=&#8220;default&#8220; max_width=&#8220;100%&#8220; max_width_mobile=&#8220;default&#8220;][\/vc_column_inner][\/vc_row_inner][vc_column_text]\n<h2>Bibliothek<\/h2>\n<p>Die Bibliothek verf\u00fcgt \u00fcber rund 5000 Medien. Entsprechend ihrer Ausrichtung \u2013\u00a0 die Geschichte und Gegenwart von Rom_nja und Sinti_ze in Deutschland und Europa \u2013verf\u00fcgt sie neben den wissenschaftlichen Publikationen und aktuellen Zeitschriftenbest\u00e4nden auch \u00fcber eine umfangreiche Sammlung von AV-Medien.<\/p>\n<p>Einzigartig ist die vielf\u00e4ltige Sammlung belletristischer Werke von Angeh\u00f6rigen der Minderheit.<\/p>\n<a class=\"nectar-button n-sc-button small undefined\"  href=\"http:\/\/romev.ifaust-online.de\" data-color-override=\"#2ac4ea\"  data-hover-color-override=\"#00bbea\" data-hover-text-color-override=\"undefined\"><span>Zum Online-Katalog<\/span><\/a>\n<p>&nbsp;<\/p>\n<h2>Archiv und Dokumentationszentrum<\/h2>\n<p>Im Archiv und Dokumentationszentrum werden u.a. Grafiken, Bildpostkarten, Fotografien und Dokumente der B\u00fcrger_innenrechtsbewegung bewahrt. Bei seiner Gr\u00fcndung wurde es durch Stiftungen gef\u00f6rdert und konnte seine Best\u00e4nde um wertvolle Nachl\u00e4sse erweitern. Die entstandene Sammlung ist einzigartig und geh\u00f6rt inzwischen zu den bedeutendsten in ganz Europa. Die Hauptaufgabe des Archiv und Dokumentationszentrums besteht darin, die Erinnerungen aus der Minderheit, insbesondere die Narrative und subjektiven Erfahrungen zu sammeln. Ziel ist es, die Stimmen z.B. der B\u00fcrger_innenrechtsbewegung von, mit und f\u00fcr Rom_nja und Sinti_ze zu bewahren und wichtige Ereignisse aus der Perspektive der Minderheit nicht in Vergessenheit geraten zu lassen.<\/p>\n<p>F\u00fcr Anfragen, zur Absprache von Terminen und \u00d6ffnungszeiten, wenden Sie sich bitte per Mail oder telefonisch an das RomBuK-Team:<\/p>\n<p><strong>Bibliothek, Archiv und Dokumentationszentrum<\/strong><\/p>\n<p>E-Mail: dokuzentrum@romev.de<br \/>\nTelefon: 0221- 278 60 35<\/p>\n<p><strong> Projekt DigiRom<\/strong><\/p>\n<p>Das Projekt ist der Digitalisierung, Erschlie\u00dfung und kritischen Erforschung des umfangreichen Bildbestandes des Rom e.V. gewidmet, der im Archiv und Dokumentationszentrum bewahrt wird. Weitere Informationen finden Sie <a href=\"https:\/\/www.romev.de\/?page_id=3929\">hier<\/a>.<\/p>\n<p>&nbsp;<\/p>\n<p>Im Rahmen von RomBuK finden 2020 regelm\u00e4\u00dfig Kulturveranstaltungen, wie etwa Lesungen oder Filmvorf\u00fchrungen, statt.<\/p>\n<p>Bleiben Sie auf dem Laufenden und folgen Sie uns in den Sozialen Medien, um nichts mehr zu verpassen!<\/p>\n<p>Facebook: RomBuK2019\u00a0 Instagram: rombuk_2019 Youtube: RomBuK \u2013 Bildung und Kultur im Rom e.V.[\/vc_column_text][\/vc_column][vc_column column_padding=&#8220;no-extra-padding&#8220; column_padding_position=&#8220;all&#8220; background_color_opacity=&#8220;1&#8243; background_hover_color_opacity=&#8220;1&#8243; column_link_target=&#8220;_self&#8220; column_shadow=&#8220;none&#8220; column_border_radius=&#8220;none&#8220; width=&#8220;1\/1&#8243; tablet_width_inherit=&#8220;default&#8220; tablet_text_alignment=&#8220;default&#8220; phone_text_alignment=&#8220;default&#8220; overlay_strength=&#8220;0.3&#8243; column_border_width=&#8220;none&#8220; column_border_style=&#8220;solid&#8220; bg_image_animation=&#8220;none&#8220;][\/vc_column][\/vc_row][vc_row type=&#8220;in_container&#8220; full_screen_row_position=&#8220;middle&#8220; column_margin=&#8220;default&#8220; scene_position=&#8220;center&#8220; text_color=&#8220;dark&#8220; text_align=&#8220;left&#8220; overlay_strength=&#8220;0.3&#8243; shape_divider_position=&#8220;bottom&#8220; bg_image_animation=&#8220;none&#8220;][vc_column column_padding=&#8220;no-extra-padding&#8220; column_padding_position=&#8220;all&#8220; background_color_opacity=&#8220;1&#8243; background_hover_color_opacity=&#8220;1&#8243; column_link_target=&#8220;_self&#8220; column_shadow=&#8220;none&#8220; column_border_radius=&#8220;none&#8220; width=&#8220;1\/1&#8243; tablet_width_inherit=&#8220;default&#8220; tablet_text_alignment=&#8220;default&#8220; phone_text_alignment=&#8220;default&#8220; overlay_strength=&#8220;0.3&#8243; column_border_width=&#8220;none&#8220; column_border_style=&#8220;solid&#8220; bg_image_animation=&#8220;none&#8220;][\/vc_column][\/vc_row]\n","protected":false},"excerpt":{"rendered":"<p>[vc_row type=&#8220;in_container&#8220; full_screen_row_position=&#8220;middle&#8220; column_margin=&#8220;default&#8220; scene_position=&#8220;center&#8220; text_color=&#8220;dark&#8220; text_align=&#8220;left&#8220; overlay_strength=&#8220;0.3&#8243; shape_divider_position=&#8220;bottom&#8220; bg_image_animation=&#8220;none&#8220;][vc_column column_padding=&#8220;no-extra-padding&#8220; column_padding_position=&#8220;all&#8220; background_color_opacity=&#8220;1&#8243; background_hover_color_opacity=&#8220;1&#8243; column_link_target=&#8220;_self&#8220; column_shadow=&#8220;none&#8220; column_border_radius=&#8220;none&#8220; width=&#8220;1\/1&#8243; tablet_width_inherit=&#8220;default&#8220; tablet_text_alignment=&#8220;default&#8220; phone_text_alignment=&#8220;default&#8220; overlay_strength=&#8220;0.3&#8243; column_border_width=&#8220;none&#8220; column_border_style=&#8220;solid&#8220; bg_image_animation=&#8220;none&#8220;][vc_row_inner column_margin=&#8220;default&#8220; text_align=&#8220;left&#8220;][vc_column_inner column_padding=&#8220;padding-3-percent&#8220; column_padding_position=&#8220;all&#8220; centered_text=&#8220;true&#8220;&#8230;<\/p>\n","protected":false},"author":1965,"featured_media":0,"parent":0,"menu_order":0,"comment_status":"closed","ping_status":"closed","template":"page-sidebar.php","meta":{"footnotes":""},"class_list":["post-3545","page","type-page","status-publish"],"_links":{"self":[{"href":"https:\/\/www.romev.de\/index.php?rest_route=\/wp\/v2\/pages\/3545","targetHints":{"allow":["GET"]}}],"collection":[{"href":"https:\/\/www.romev.de\/index.php?rest_route=\/wp\/v2\/pages"}],"about":[{"href":"https:\/\/www.romev.de\/index.php?rest_route=\/wp\/v2\/types\/page"}],"author":[{"embeddable":true,"href":"https:\/\/www.romev.de\/index.php?rest_route=\/wp\/v2\/users\/1965"}],"replies":[{"embeddable":true,"href":"https:\/\/www.romev.de\/index.php?rest_route=%2Fwp%2Fv2%2Fcomments&post=3545"}],"version-history":[{"count":22,"href":"https:\/\/www.romev.de\/index.php?rest_route=\/wp\/v2\/pages\/3545\/revisions"}],"predecessor-version":[{"id":4738,"href":"https:\/\/www.romev.de\/index.php?rest_route=\/wp\/v2\/pages\/3545\/revisions\/4738"}],"wp:attachment":[{"href":"https:\/\/www.romev.de\/index.php?rest_route=%2Fwp%2Fv2%2Fmedia&parent=3545"}],"curies":[{"name":"wp","href":"https:\/\/api.w.org\/{rel}","templated":true}]}}