{"id":3804,"date":"2020-12-18T09:04:37","date_gmt":"2020-12-18T08:04:37","guid":{"rendered":"https:\/\/www.romev.de\/?page_id=3804"},"modified":"2022-10-22T23:22:26","modified_gmt":"2022-10-22T22:22:26","slug":"amaro-kher-foerderangebot","status":"publish","type":"page","link":"https:\/\/www.romev.de\/?page_id=3804","title":{"rendered":"Amaro Kher &#8211; F\u00f6rderangebot"},"content":{"rendered":"<p style=\"padding-left: 40px;\"><strong>Ruza Andlar &#8211; Projektleitung<br \/>\n<\/strong><strong>E-Mail:ruza.andlar@romev.de<br \/>\n<\/strong><strong>Telefon: 0176-24567614<\/strong><\/p>\n<p>&nbsp;<\/p>\n<p>Unser p\u00e4dagogisches Angebot bietet den zugewanderte Kinder und Jugendlichen in Alter von 10- 17 Jahren und den dazugeh\u00f6rigen Familien eine Begleitung und F\u00f6rderung auf ihrem Weg durch die deutsche Regelschule sowie eine ganzheitliche Unterst\u00fctzung im Integrationsprozess.<\/p>\n<p><strong>Unsere Angebote <\/strong><\/p>\n<ul>\n<li>Gemeinsames Mittagessen<\/li>\n<li>Hausaufgaben und Lernf\u00f6rderung<\/li>\n<li>T\u00e4gliches Freizeitangebot<\/li>\n<li>Gespr\u00e4chsrunde<\/li>\n<li>Ferienprogramme<\/li>\n<li>Beratung und Begleitung in allen schulischen und pers\u00f6nlichen Angelegenheiten<\/li>\n<li>Elternarbeit<\/li>\n<li>Bildungs-Patenschaften<\/li>\n<\/ul>\n<p><strong>Team <\/strong><\/p>\n<p>Unser Team ist interdisziplin\u00e4r und\u00a0 interkulturell. Wir sprechen: Romanes, Kroatisch, Serbisch, T\u00fcrkisch, Kurdisch, Persisch und\u00a0 Englisch.<\/p>\n<p><strong>Kosten<\/strong><\/p>\n<p>Unsere Angebote sind kostenfrei<\/p>\n<p><strong>\u00d6ffnungszeiten<\/strong><\/p>\n<p>montags bis freitags<\/p>\n<p>12:00 bis 18:00<\/p>\n<p>&nbsp;<\/p>\n<p>&nbsp;<\/p>\n","protected":false},"excerpt":{"rendered":"<p>Ruza Andlar &#8211; Projektleitung E-Mail:ruza.andlar@romev.de Telefon: 0176-24567614 &nbsp; Unser p\u00e4dagogisches Angebot bietet den zugewanderte Kinder und Jugendlichen in Alter von 10- 17 Jahren und den dazugeh\u00f6rigen Familien eine Begleitung und&#8230;<\/p>\n","protected":false},"author":1965,"featured_media":0,"parent":0,"menu_order":0,"comment_status":"closed","ping_status":"closed","template":"page-sidebar.php","meta":{"footnotes":""},"class_list":["post-3804","page","type-page","status-publish"],"_links":{"self":[{"href":"https:\/\/www.romev.de\/index.php?rest_route=\/wp\/v2\/pages\/3804","targetHints":{"allow":["GET"]}}],"collection":[{"href":"https:\/\/www.romev.de\/index.php?rest_route=\/wp\/v2\/pages"}],"about":[{"href":"https:\/\/www.romev.de\/index.php?rest_route=\/wp\/v2\/types\/page"}],"author":[{"embeddable":true,"href":"https:\/\/www.romev.de\/index.php?rest_route=\/wp\/v2\/users\/1965"}],"replies":[{"embeddable":true,"href":"https:\/\/www.romev.de\/index.php?rest_route=%2Fwp%2Fv2%2Fcomments&post=3804"}],"version-history":[{"count":7,"href":"https:\/\/www.romev.de\/index.php?rest_route=\/wp\/v2\/pages\/3804\/revisions"}],"predecessor-version":[{"id":4797,"href":"https:\/\/www.romev.de\/index.php?rest_route=\/wp\/v2\/pages\/3804\/revisions\/4797"}],"wp:attachment":[{"href":"https:\/\/www.romev.de\/index.php?rest_route=%2Fwp%2Fv2%2Fmedia&parent=3804"}],"curies":[{"name":"wp","href":"https:\/\/api.w.org\/{rel}","templated":true}]}}