{"id":3849,"date":"2021-02-08T00:45:42","date_gmt":"2021-02-07T23:45:42","guid":{"rendered":"https:\/\/www.romev.de\/?page_id=3849"},"modified":"2021-02-08T00:52:41","modified_gmt":"2021-02-07T23:52:41","slug":"leni-riefenstahl-und-ihre-zigeuner","status":"publish","type":"page","link":"https:\/\/www.romev.de\/?page_id=3849","title":{"rendered":"Leni Riefenstahl und \u201eihre\u201c Zigeuner"},"content":{"rendered":"<h4>Rom e.V. zwingt die NS-Regisseurin zum Widerruf<\/h4>\n<p>Im Sommer 2002 leitete der Rom e.V. zusammen mit Z\u00e4zilia Reinhardt, einer \u00fcberlebenden &#8222;Zigeuner-Komparsin&#8220; des Films &#8222;Tiefland&#8220;, juristische Schritte gegen Leni Riefenstahl ein.<br \/>\nDer Hintergrund war ein Interview von Frau Riefenstahl im Magazin der Frankfurter Rundschau vom 27.04.2002, in dem sie behauptete &#8222;Keinem einzigen ist etwas passiert.&#8220; Nach unseren Recherchen holte Frau Riefenstahl zwischen 1940 und 1942 \u00fcber einhundert &#8222;Zigeuner&#8220; aus NS-Lagern und zwang sie zur Mitarbeit in ihrem Film &#8222;Tiefland&#8220;. Kurze Zeit sp\u00e4ter wurden die Roma und Sinti in Konzentrationslager vor allem nach deportiert, wo viele umkamen.<\/p>\n<div id=\"attachment_3921\" style=\"width: 210px\" class=\"wp-caption alignleft\"><a href=\"https:\/\/www.romev.de\/wp-content\/uploads\/pr-leniriefenstahl-1.gif\" rel=\"prettyPhoto[gallery-bhG1]\" data-rel=\"lightbox-gallery-FtCefIzj\" data-imagelightbox=\"0\" data-rl_title=\"\" data-rl_caption=\"\" title=\"\"><img loading=\"lazy\" decoding=\"async\" aria-describedby=\"caption-attachment-3921\" class=\"wp-image-3921 size-full\" src=\"https:\/\/www.romev.de\/wp-content\/uploads\/pr-leniriefenstahl-1.gif\" alt=\"Leni Riefenstahl Unterlassungerkl\u00e4rung\" width=\"200\" height=\"174\" \/><\/a><p id=\"caption-attachment-3921\" class=\"wp-caption-text\">Leni Riefenstahl Unterlassungerkl\u00e4rung<\/p><\/div>\n<p>Am 14.08.02 stellte der Rom e.V. bei der Frankfurter Staatsanwaltschaft einen Strafantrag nach \u00a7130, Abs.3 StGB; Holocaustleugnung.<br \/>\nAm 15.08.02, einen Tag vor der Pressekonferenz des Rom e.V. unterschrieb Frau Riefenstahl die Unterlassungserkl\u00e4rung, in der sie sich gegen\u00fcber Frau Reinhardt verpflichtete, nicht mehr die Behauptung &#8222;Wir haben alle Zigeuner, die in Tiefland mitgewirkt haben, nach Kriegsende wiedergesehen. Keinem einziges ist etwas passiert&#8220; aufzustellen und zu verbreiten.<\/p>\n<p>Im Ende September 2002 stellte die Staatsanwaltschaft das Verfahren wegen &#8222;geringer Schuld&#8220; ein. Oberstaatsanwalt Job Tillmann erkl\u00e4rte: &#8222;Riefenstahl habe zwar den Tatbestand der Verunglimpfung Verstorbener erf\u00fcllt, weil sie das Schicksal dieser Menschen in Abrede gestellt habe. Sie habe sich jedoch in einer Unterlassungserkl\u00e4rung verpflichtet, die inkriminierende Behauptung nicht l\u00e4nger aufzustellen.&#8220; Nach Tillmanns Worten rechtfertigt dies, sowie das hohe Alter der Beschuldigten, die Einstellung des Verfahrens.<\/p>\n<p>Anfang November 2002 musste Frau Riefenstahl ein Festival in Sevilla auf Grund von Protesten vorzeitig verlassen, nachdem Roma ihr Auto umstellt und gegen ihren Aufenthalt protestiert hatten. Die Demonstranten warfen Riefenstahl vor, das NS-Regime verherrlicht und Roma aus NS-Lagern als Komparsen eingesetzt zu haben.<\/p>\n<p>Der Rom e.V. h\u00e4lt weiterhin an seiner Forderung fest, dass bei etwaigen zuk\u00fcnftigen Auff\u00fchrungen des Films &#8222;Tiefland&#8220; alle Komparsen im Abspann namentlich genannt werden, um wenigsten so an sie zu errinnern..<\/p>\n","protected":false},"excerpt":{"rendered":"<p>Rom e.V. zwingt die NS-Regisseurin zum Widerruf Im Sommer 2002 leitete der Rom e.V. zusammen mit Z\u00e4zilia Reinhardt, einer \u00fcberlebenden &#8222;Zigeuner-Komparsin&#8220; des Films &#8222;Tiefland&#8220;, juristische Schritte gegen Leni Riefenstahl ein&#8230;.<\/p>\n","protected":false},"author":1965,"featured_media":0,"parent":0,"menu_order":0,"comment_status":"closed","ping_status":"closed","template":"page-sidebar.php","meta":{"footnotes":""},"class_list":["post-3849","page","type-page","status-publish"],"_links":{"self":[{"href":"https:\/\/www.romev.de\/index.php?rest_route=\/wp\/v2\/pages\/3849","targetHints":{"allow":["GET"]}}],"collection":[{"href":"https:\/\/www.romev.de\/index.php?rest_route=\/wp\/v2\/pages"}],"about":[{"href":"https:\/\/www.romev.de\/index.php?rest_route=\/wp\/v2\/types\/page"}],"author":[{"embeddable":true,"href":"https:\/\/www.romev.de\/index.php?rest_route=\/wp\/v2\/users\/1965"}],"replies":[{"embeddable":true,"href":"https:\/\/www.romev.de\/index.php?rest_route=%2Fwp%2Fv2%2Fcomments&post=3849"}],"version-history":[{"count":6,"href":"https:\/\/www.romev.de\/index.php?rest_route=\/wp\/v2\/pages\/3849\/revisions"}],"predecessor-version":[{"id":3928,"href":"https:\/\/www.romev.de\/index.php?rest_route=\/wp\/v2\/pages\/3849\/revisions\/3928"}],"wp:attachment":[{"href":"https:\/\/www.romev.de\/index.php?rest_route=%2Fwp%2Fv2%2Fmedia&parent=3849"}],"curies":[{"name":"wp","href":"https:\/\/api.w.org\/{rel}","templated":true}]}}