{"id":3884,"date":"2021-02-05T00:57:23","date_gmt":"2021-02-04T23:57:23","guid":{"rendered":"https:\/\/www.romev.de\/?page_id=3884"},"modified":"2021-02-05T00:58:10","modified_gmt":"2021-02-04T23:58:10","slug":"archiv-und-dokumentationszentrum-des-vereins-rom-e-v-benutzungsordnung-vom-1-september-2020","status":"publish","type":"page","link":"https:\/\/www.romev.de\/?page_id=3884","title":{"rendered":"Archiv und Dokumentationszentrum  des Vereins Rom e.V. &#8211; Benutzungsordnung vom 1. September 2020"},"content":{"rendered":"<ul>\n<li><strong>1 Benutzungsrecht<\/strong><\/li>\n<\/ul>\n<p>Das im Archiv und Dokumentationszentrum verwahrte Archiv- und Bibliotheksgut steht der allgemeinen Benutzung zu wissenschaftlichen, kulturellen, bildungs- und fortbildungsbedingten, rechtlichen, pers\u00f6nlichen und kommerziellen Zwecken unter Wahrung der im folgenden festgelegten Bestimmungen zur Verf\u00fcgung. Der Rom e.V. unterst\u00fctzt die Benutzung durch Fachberatung und technische Hilfsmittel. Der Benutzungsantrag ist unter Angabe von Thema und Zweck schriftlich zu stellen. Die Genehmigung kann mit Auflagen erteilt werden.<\/p>\n<ul>\n<li><strong> 2 Benutzungsart<\/strong><\/li>\n<\/ul>\n<p>Das Archiv- und Bibliotheksgut wird zur Benutzung im Original oder in Kopie vorgelegt und ist grunds\u00e4tzlich nur in den R\u00e4umen des Rom e.V. nutzbar. Auch werden Ausk\u00fcnfte erteilt oder Rechercheauftr\u00e4ge gem\u00e4\u00df Geb\u00fchrenordnung \u00fcbernommen.<\/p>\n<p>Die Bibliotheksbesta\u0308nde sind in der Regel frei zug\u00e4nglich, k\u00f6nnen jedoch aus konservatorischen Gr\u00fcnden in der Benutzung eingeschr\u00e4nkt werden; dar\u00fcber entscheidet die Archivleitung in R\u00fccksprache mit der Gesch\u00e4ftsf\u00fchrung.<\/p>\n<p>Das Archivgut kann eingesehen werden, sofern es nicht den Sperrfristen gem\u00e4\u00df Punkt 7 der Archivsatzung unterliegt.<\/p>\n<p>&nbsp;<\/p>\n<ul>\n<li><strong> 3 Rechtsschutzbestimmungen <\/strong><\/li>\n<\/ul>\n<ol>\n<li>Die Nutzerin \/ der Nutzer verpflichtet sich, bei der Verwertung der aus Archivalien gewonnenen Erkenntnisse die Urheber- und Pers\u00f6nlichkeitsrechte sowie den Schutz berechtigter Interessen Dritter zu wahren und bei Verst\u00f6\u00dfen Rom e.V. von der Haftung freizustellen. F\u00fcr Verletzungen dieser Rechte und Interessen ist er der\/dem Berechtigten gegen\u00fcber verantwortlich.<\/li>\n<li>Die Genehmigung zur Benutzung oder Ver\u00f6ffentlichung von Archivalien, in denen Rechte und berechtigte Interessen von Personen ber\u00fchrt werden, kann von einer von der Nutzerin \/ dem Nutzer beizubringenden Zustimmung der\/des Betroffenen oder seiner Rechtsnachfolger\/innen abh\u00e4ngig gemacht werden.<\/li>\n<li>Die Abs\u00e4tze 1 und 2 gelten auch f\u00fcr Findmittel und Reproduktionen jeglicher Art.<\/li>\n<li>Sollen aus dem Archiv- und Bibliotheksgut gewonnene Erkenntnisse f\u00fcr andere als im Benutzungsantrag genannte Themen oder Zwecke verwendet werden, ist ein neuer Antrag erforderlich.<\/li>\n<\/ol>\n<ul>\n<li><strong> 4 Sorgfaltspflicht<\/strong><\/li>\n<\/ul>\n<p>Die Nutzerin \/ der Nutzer verpflichtet sich,<\/p>\n<p>\u2013 \u00a0Archiv- und Bibliotheksgut sowie die Findmittel sorgf\u00e4ltig zu behandeln,<\/p>\n<p>\u2013 \u00a0keine \u00c4nderungen der Ordnung vorzunehmen,<\/p>\n<p>\u2013 \u00a0jedes Beschriften, Entnehmen, Radieren, Ausschneiden, Bekleben mit Merkzetteln etc.<\/p>\n<p>zu unterlassen.<\/p>\n<p>\u2013 \u00a0die Archivalien und Findmittel vollst\u00e4ndig zur\u00fcckzugeben. Die Entwendung von Archiv- oder Bibliotheksgut wird strafrechtlich verfolgt.<\/p>\n<p><strong>\u00a0<\/strong><\/p>\n<p>&nbsp;<\/p>\n<ul>\n<li><strong> 5 Reproduktionen <\/strong><\/li>\n<\/ul>\n<ol>\n<li>Die Nutzerin \/ der Nutzer ist berechtigt, Aufzeichnungen aus den vorliegenden Dokumenten anzufertigen.<\/li>\n<li>Ob und in welchem Umfang von Archiv-und Bibliotheksgut Vervielf\u00e4ltigungen (Kopien, Fotografien, Digitalisate etc.) angefertigt werden d\u00fcrfen, entscheiden die Mitarbeiter*innen des Archiv- und Dokumentationszentrums. Sie legen auch fest, ob diese Vervielf\u00e4ltigungen von der Nutzerin\/dem Nutzer selbst oder durch die Mitarbeiter\/innen angefertigt werden. Das Kopieren vollst\u00e4ndiger Akten, B\u00fccher oder Zeitschriften ist ausgeschlossen; \u00fcber Ausnahmen entscheidet die Gesch\u00e4ftsf\u00fchrung\/die Archivleitung.<\/li>\n<li>Kopier- oder Reproduktionsauftra\u0308ge werden im Rahmen der personellen und technischen M\u00f6glichkeiten des Rom e.V. bearbeitet. Die einzelnen Kopien und Reproduktionen werden zum Zwecke des Nachweises gekennzeichnet.<\/li>\n<li>Die entstandenen Kosten tr\u00e4gt die Nutzerin\/der Nutzer gem\u00e4\u00df der jeweils aktuellen Geb\u00fchrenordnung. \u00dcber die Erlassung von Geb\u00fchren entscheidet die Gesch\u00e4ftsf\u00fchrung\/die Archivleitung.<\/li>\n<li>Bis zur Begleichung der Kosten bleiben die Kopien oder Reproduktionen Eigentum des Rom e.V. Bei Nichtbegleichung der Kosten k\u00f6nnen bereits ausgelieferte Kopien oder Reproduktionen zur\u00fcckgefordert werden. In diesem Falle ist es der Auftraggeberin \/ dem Auftraggeber untersagt, die Kopien oder Reproduktionen f\u00fcr den Eigengebrauch zu duplizieren.<\/li>\n<li>Die Weitergabe der angefertigten Kopien oder Reproduktionen durch die Empf\u00e4ngerin \/ den Empf\u00e4nger an Dritte ist ausgeschlossen.<\/li>\n<\/ol>\n<p>&nbsp;<\/p>\n<ul>\n<li><strong> 6 Ausleihe von Archivgut zu Ausstellungszwecken<\/strong><\/li>\n<\/ul>\n<p>Archivgut kann zu Ausstellungszwecken entliehen werden. Die Einzelheiten der Ausleihe werden in einem zwischen dem Rom e.V. und der Entleiherin \/ dem Entleiher zu schlie\u00dfenden Vertrag geregelt.<\/p>\n<ul>\n<li><strong> 7 Verwertung <\/strong><\/li>\n<\/ul>\n<ol>\n<li>Der Abdruck von Archivalien und Reproduktionen oder deren Verwendung im Internet oder anderer digitaler Form bedarf der vorherigen schriftlichen Genehmigung durch den Rom e.V.<\/li>\n<li>Die Nutzerin \/ der Nutzer ist verpflichtet, von allen gedruckten und ungedruckten Arbeiten, f\u00fcr die sie\/er Archivalien des Rom e.V. benutzt hat, unverz\u00fcglich nach Fertigstellung ein Belegexemplar unaufgefordert und unentgeltlich abzuliefern, sofern sich aus der Benutzungsgenehmigung keine weitergehenden Verpflichtungen ergeben.<\/li>\n<\/ol>\n<ul>\n<li><strong> 8 Ausschluss von der Benutzung<\/strong><\/li>\n<\/ul>\n<p>Verst\u00f6\u00dft eine Nutzerin \/ ein Nutzer gro\u0308blich gegen die Vorschriften, wird sie\/er von Benutzungen in Archiv und Dokumentationszentrum des Rom e.V. ausgeschlossen.<\/p>\n<ul>\n<li><strong> 9 Inkrafttreten<\/strong><\/li>\n<\/ul>\n<p>Diese Benutzungsordnung ist ab dem 01.09.2020 g\u00fcltig.<\/p>\n","protected":false},"excerpt":{"rendered":"<p>1 Benutzungsrecht Das im Archiv und Dokumentationszentrum verwahrte Archiv- und Bibliotheksgut steht der allgemeinen Benutzung zu wissenschaftlichen, kulturellen, bildungs- und fortbildungsbedingten, rechtlichen, pers\u00f6nlichen und kommerziellen Zwecken unter Wahrung der im&#8230;<\/p>\n","protected":false},"author":1965,"featured_media":0,"parent":0,"menu_order":0,"comment_status":"closed","ping_status":"closed","template":"","meta":{"footnotes":""},"class_list":["post-3884","page","type-page","status-publish"],"_links":{"self":[{"href":"https:\/\/www.romev.de\/index.php?rest_route=\/wp\/v2\/pages\/3884","targetHints":{"allow":["GET"]}}],"collection":[{"href":"https:\/\/www.romev.de\/index.php?rest_route=\/wp\/v2\/pages"}],"about":[{"href":"https:\/\/www.romev.de\/index.php?rest_route=\/wp\/v2\/types\/page"}],"author":[{"embeddable":true,"href":"https:\/\/www.romev.de\/index.php?rest_route=\/wp\/v2\/users\/1965"}],"replies":[{"embeddable":true,"href":"https:\/\/www.romev.de\/index.php?rest_route=%2Fwp%2Fv2%2Fcomments&post=3884"}],"version-history":[{"count":1,"href":"https:\/\/www.romev.de\/index.php?rest_route=\/wp\/v2\/pages\/3884\/revisions"}],"predecessor-version":[{"id":3885,"href":"https:\/\/www.romev.de\/index.php?rest_route=\/wp\/v2\/pages\/3884\/revisions\/3885"}],"wp:attachment":[{"href":"https:\/\/www.romev.de\/index.php?rest_route=%2Fwp%2Fv2%2Fmedia&parent=3884"}],"curies":[{"name":"wp","href":"https:\/\/api.w.org\/{rel}","templated":true}]}}