{"id":3929,"date":"2021-02-08T01:12:34","date_gmt":"2021-02-08T00:12:34","guid":{"rendered":"https:\/\/www.romev.de\/?page_id=3929"},"modified":"2022-10-05T23:10:35","modified_gmt":"2022-10-05T22:10:35","slug":"wissenschaft-im-rom-e-v-digirom","status":"publish","type":"page","link":"https:\/\/www.romev.de\/?page_id=3929","title":{"rendered":"Wissenschaft im Rom e.V.: DigiRom"},"content":{"rendered":"[vc_row type=&#8220;in_container&#8220; full_screen_row_position=&#8220;middle&#8220; column_margin=&#8220;default&#8220; scene_position=&#8220;center&#8220; text_color=&#8220;dark&#8220; text_align=&#8220;left&#8220; overlay_strength=&#8220;0.3&#8243; shape_divider_position=&#8220;bottom&#8220; bg_image_animation=&#8220;none&#8220;][vc_column column_padding=&#8220;no-extra-padding&#8220; column_padding_position=&#8220;all&#8220; background_color_opacity=&#8220;1&#8243; background_hover_color_opacity=&#8220;1&#8243; column_link_target=&#8220;_self&#8220; column_shadow=&#8220;none&#8220; column_border_radius=&#8220;none&#8220; width=&#8220;1\/1&#8243; tablet_width_inherit=&#8220;default&#8220; tablet_text_alignment=&#8220;default&#8220; phone_text_alignment=&#8220;default&#8220; overlay_strength=&#8220;0.3&#8243; column_border_width=&#8220;none&#8220; column_border_style=&#8220;solid&#8220; bg_image_animation=&#8220;none&#8220;][vc_column_text]Das Archiv und Dokumentationszentrum sowie die angegliederte Spezialbibliothek ist Ort eines lebendigen Ged\u00e4chtnisses und Grundlage der Bildungs-, Kultur- und Empowermentarbeit des Projekt <a href=\"https:\/\/www.romev.de\/?page_id=3541\">RomBuK \u2013 Bildung und Kultur im Rom e.V.<\/a> Seit 2021 ist der Rom e.V. dar\u00fcber hinaus Tr\u00e4ger des wissenschaftlichen Forschungsprojekts DigiRom.<\/p>\n<p>DigiRom wird vom <a href=\"https:\/\/www.bmbf.de\/\">Bundesministerium f\u00fcr Bildung und Forschung (BMBF)<\/a> im Rahmen des Programms eHeritage II \u00a0\u00fcber den Projekttr\u00e4ger <a href=\"https:\/\/www.dlr.de\/DE\/Home\/home_node.html\">Deutsches Zentrum f\u00fcr Luft- und Raumfahrt (DLR)<\/a> gef\u00f6rdert. Der Rom e.V. \u00a0kooperiert mit <a href=\"https:\/\/www.prometheus-bildarchiv.de\/\">prometheus bildarchiv e.V.<\/a> und\u00a0\u00a0<a href=\"https:\/\/www.kunstgeschichte.phil.fau.de\/\" target=\"_blank\" rel=\"noopener\">der Friedrich-Alexander-Universit\u00e4t Erlangen-N\u00fcrnberg<\/a>, vertreten durch das <a href=\"https:\/\/www.izdigital.fau.de\/\" target=\"_blank\" rel=\"noopener\">Interdisziplin\u00e4re Zentrum \u2013 digitale Geistes- und Sozialwissenschaften<\/a>. Das\u00a0 Projekt ist der Digitalisierung, Erschlie\u00dfung und kritischen Erforschung des umfangreichen Bildbestandes des Rom e.V. gewidmet, der im <a href=\"https:\/\/www.romev.de\/?page_id=3545\">Archiv und Dokumentationszentrum<\/a> bewahrt wird. Bei dem zu erforschenden Bestand handelt es sich um 2360 historische Bildpostkarten und 1225 historische Grafiken, die einen tiefen Einblick in die bildliche Konstruktion rassistischer Stereotype bieten. Die Sammlung wird in ihrer Motivik und Ikonographie erschlossen und dient als Grundlage interdisziplin\u00e4rer, rassismus- und postkolonialismuskritischer Antiziganismus-Forschung.<\/p>\n<p>Die rund 3600 Postkarten und historischen Bildwerke werden als exemplarische Bindeglieder gegenw\u00e4rtiger Imaginationen und Projektionen auf die Minderheiten der Rom*nja und Sinti*ze kritisch erforscht. Die daraus resultierenden Forschungsergebnisse werden der \u00d6ffentlichkeit dauerhaft zug\u00e4nglich sein. Ziel ist es, die Bild- und Wissensbest\u00e4nden miteinander zu verkn\u00fcpfen, um sammlungsu\u0308bergreifende Verbindungen zu verdeutlichen. Das Vorhaben dient dazu, antiziganistische Bilddarstellungen nicht unreflektiert zu reproduzieren, sondern in einem modellhaften Gegenentwurf und einen verantwortungsvollen Umgang mit rassistischen und diskriminierenden Bildern vorzulegen.<\/p>\n<p>Das Projekt DigiRom startete zum 01.01.2021 mit zun\u00e4chst mit drei Mitarbeiterinnen.<\/p>\n<p>&nbsp;<\/p>\n<p style=\"padding-left: 40px;\"><strong>Kontakt:<\/strong><br \/>\nVera T\u00f6nsfeldt<br \/>\n<a href=\"mailto:vera.toensfeldt@romev.de\">vera.toensfeldt@romev.de<\/a><\/p>\n<p>&nbsp;<\/p>\n<p>DigiRom. Gef\u00f6rdert vom Bundesministerium f\u00fcr Bildung und Forschung<br \/>\nProjektlaufzeit: 2021-2023[\/vc_column_text][\/vc_column][\/vc_row][vc_row type=&#8220;in_container&#8220; full_screen_row_position=&#8220;middle&#8220; column_margin=&#8220;none&#8220; bg_color=&#8220;#ffffff&#8220; scene_position=&#8220;center&#8220; text_color=&#8220;dark&#8220; text_align=&#8220;left&#8220; overlay_strength=&#8220;0.3&#8243; shape_divider_position=&#8220;bottom&#8220; bg_image_animation=&#8220;none&#8220; shape_type=&#8220;&#8220;][vc_column column_padding=&#8220;no-extra-padding&#8220; column_padding_position=&#8220;all&#8220; background_color_opacity=&#8220;1&#8243; background_hover_color_opacity=&#8220;1&#8243; column_link_target=&#8220;_self&#8220; column_shadow=&#8220;none&#8220; column_border_radius=&#8220;none&#8220; width=&#8220;1\/4&#8243; tablet_width_inherit=&#8220;default&#8220; tablet_text_alignment=&#8220;default&#8220; phone_text_alignment=&#8220;default&#8220; overlay_strength=&#8220;0.3&#8243; column_border_width=&#8220;none&#8220; column_border_style=&#8220;solid&#8220; bg_image_animation=&#8220;none&#8220;][image_with_animation image_url=&#8220;3931&#8243; alignment=&#8220;&#8220; animation=&#8220;None&#8220; hover_animation=&#8220;none&#8220; border_radius=&#8220;none&#8220; box_shadow=&#8220;none&#8220; image_loading=&#8220;default&#8220; max_width=&#8220;100%&#8220; max_width_mobile=&#8220;default&#8220;][\/vc_column][vc_column column_padding=&#8220;no-extra-padding&#8220; column_padding_position=&#8220;all&#8220; background_color_opacity=&#8220;1&#8243; background_hover_color_opacity=&#8220;1&#8243; column_link_target=&#8220;_self&#8220; column_shadow=&#8220;none&#8220; column_border_radius=&#8220;none&#8220; width=&#8220;1\/4&#8243; tablet_width_inherit=&#8220;default&#8220; tablet_text_alignment=&#8220;default&#8220; phone_text_alignment=&#8220;default&#8220; overlay_strength=&#8220;0.3&#8243; column_border_width=&#8220;none&#8220; column_border_style=&#8220;solid&#8220; bg_image_animation=&#8220;none&#8220;][\/vc_column][vc_column column_padding=&#8220;no-extra-padding&#8220; column_padding_position=&#8220;all&#8220; background_color_opacity=&#8220;1&#8243; background_hover_color_opacity=&#8220;1&#8243; column_link_target=&#8220;_self&#8220; column_shadow=&#8220;none&#8220; column_border_radius=&#8220;none&#8220; width=&#8220;1\/4&#8243; tablet_width_inherit=&#8220;default&#8220; tablet_text_alignment=&#8220;default&#8220; phone_text_alignment=&#8220;default&#8220; overlay_strength=&#8220;0.3&#8243; column_border_width=&#8220;none&#8220; column_border_style=&#8220;solid&#8220; bg_image_animation=&#8220;none&#8220;][\/vc_column][vc_column column_padding=&#8220;no-extra-padding&#8220; column_padding_position=&#8220;all&#8220; background_color_opacity=&#8220;1&#8243; background_hover_color_opacity=&#8220;1&#8243; column_link_target=&#8220;_self&#8220; column_shadow=&#8220;none&#8220; column_border_radius=&#8220;none&#8220; width=&#8220;1\/4&#8243; tablet_width_inherit=&#8220;default&#8220; tablet_text_alignment=&#8220;default&#8220; phone_text_alignment=&#8220;default&#8220; overlay_strength=&#8220;0.3&#8243; column_border_width=&#8220;none&#8220; column_border_style=&#8220;solid&#8220; bg_image_animation=&#8220;none&#8220;][\/vc_column][\/vc_row][vc_row type=&#8220;in_container&#8220; full_screen_row_position=&#8220;middle&#8220; equal_height=&#8220;yes&#8220; content_placement=&#8220;middle&#8220; column_margin=&#8220;default&#8220; scene_position=&#8220;center&#8220; text_color=&#8220;dark&#8220; text_align=&#8220;left&#8220; overlay_strength=&#8220;0.3&#8243; shape_divider_position=&#8220;bottom&#8220; bg_image_animation=&#8220;none&#8220; shape_type=&#8220;&#8220;][vc_column column_padding=&#8220;no-extra-padding&#8220; column_padding_position=&#8220;all&#8220; background_color_opacity=&#8220;1&#8243; background_hover_color_opacity=&#8220;1&#8243; column_link_target=&#8220;_self&#8220; column_shadow=&#8220;none&#8220; column_border_radius=&#8220;none&#8220; width=&#8220;1\/1&#8243; tablet_width_inherit=&#8220;default&#8220; tablet_text_alignment=&#8220;default&#8220; phone_text_alignment=&#8220;default&#8220; overlay_strength=&#8220;0.3&#8243; column_border_width=&#8220;none&#8220; column_border_style=&#8220;solid&#8220; bg_image_animation=&#8220;none&#8220;][vc_gallery type=&#8220;flickity_static_height_style&#8220; images=&#8220;3933,3934,3935&#8243; flickity_spacing=&#8220;default&#8220; flickity_controls=&#8220;pagination&#8220; flickity_overflow=&#8220;hidden&#8220; flickity_wrap_around=&#8220;wrap&#8220; flickity_box_shadow=&#8220;none&#8220; image_loading=&#8220;default&#8220; onclick=&#8220;link_no&#8220; flickity_img_height=&#8220;300&#215;400&#8243;][\/vc_column][\/vc_row]\n","protected":false},"excerpt":{"rendered":"<p>[vc_row type=&#8220;in_container&#8220; full_screen_row_position=&#8220;middle&#8220; column_margin=&#8220;default&#8220; scene_position=&#8220;center&#8220; text_color=&#8220;dark&#8220; text_align=&#8220;left&#8220; overlay_strength=&#8220;0.3&#8243; shape_divider_position=&#8220;bottom&#8220; bg_image_animation=&#8220;none&#8220;][vc_column column_padding=&#8220;no-extra-padding&#8220; column_padding_position=&#8220;all&#8220; background_color_opacity=&#8220;1&#8243; background_hover_color_opacity=&#8220;1&#8243; column_link_target=&#8220;_self&#8220; column_shadow=&#8220;none&#8220; column_border_radius=&#8220;none&#8220; width=&#8220;1\/1&#8243; tablet_width_inherit=&#8220;default&#8220; tablet_text_alignment=&#8220;default&#8220; phone_text_alignment=&#8220;default&#8220; overlay_strength=&#8220;0.3&#8243; column_border_width=&#8220;none&#8220; column_border_style=&#8220;solid&#8220; bg_image_animation=&#8220;none&#8220;][vc_column_text]Das Archiv und Dokumentationszentrum sowie die&#8230;<\/p>\n","protected":false},"author":1965,"featured_media":0,"parent":0,"menu_order":0,"comment_status":"closed","ping_status":"closed","template":"","meta":{"footnotes":""},"class_list":["post-3929","page","type-page","status-publish"],"_links":{"self":[{"href":"https:\/\/www.romev.de\/index.php?rest_route=\/wp\/v2\/pages\/3929","targetHints":{"allow":["GET"]}}],"collection":[{"href":"https:\/\/www.romev.de\/index.php?rest_route=\/wp\/v2\/pages"}],"about":[{"href":"https:\/\/www.romev.de\/index.php?rest_route=\/wp\/v2\/types\/page"}],"author":[{"embeddable":true,"href":"https:\/\/www.romev.de\/index.php?rest_route=\/wp\/v2\/users\/1965"}],"replies":[{"embeddable":true,"href":"https:\/\/www.romev.de\/index.php?rest_route=%2Fwp%2Fv2%2Fcomments&post=3929"}],"version-history":[{"count":5,"href":"https:\/\/www.romev.de\/index.php?rest_route=\/wp\/v2\/pages\/3929\/revisions"}],"predecessor-version":[{"id":4753,"href":"https:\/\/www.romev.de\/index.php?rest_route=\/wp\/v2\/pages\/3929\/revisions\/4753"}],"wp:attachment":[{"href":"https:\/\/www.romev.de\/index.php?rest_route=%2Fwp%2Fv2%2Fmedia&parent=3929"}],"curies":[{"name":"wp","href":"https:\/\/api.w.org\/{rel}","templated":true}]}}