{"id":4728,"date":"2022-10-05T11:32:17","date_gmt":"2022-10-05T10:32:17","guid":{"rendered":"https:\/\/www.romev.de\/?page_id=4728"},"modified":"2025-03-01T01:08:45","modified_gmt":"2025-03-01T00:08:45","slug":"rombuk-bildung-und-kultur-im-rom-e-v-2","status":"publish","type":"page","link":"https:\/\/www.romev.de\/?page_id=4728","title":{"rendered":"RomBuK &#8211; Bildung und Kultur im Rom e.V."},"content":{"rendered":"<p style=\"padding-left: 40px;\"><span style=\"color: #000000;\"><strong>Kontakt<br \/>\n<\/strong><\/span><strong>E-Mail:<\/strong> <a href=\"mailto:rombuk@romev.de\">rombuk@romev.de<\/a><br \/>\n<strong>Telefon: <\/strong>0221-278 60 76<\/p>\n<p><strong>Was wir tun<\/strong><\/p>\n<p>Die Schwerpunkte der Arbeit im RomBuK liegen auf der rassismuskritischen Bildungsarbeit gegen Antiziganismus und auf der Unterst\u00fctzung von Empowerment, wobei insbesondere Projekte von, f\u00fcr und mit K\u00f6lner Rom:nja und Sint:zee gef\u00f6rdert werden. Ziel ist es, f\u00fcr eine gleichberechtigte Teilhabe von Rom:nja und Sinti:ze einzutreten und dem Antiziganismus entgegenzuwirken. Die Basis daf\u00fcr bilden die Fachbibliothek sowie das Archiv und Dokumentationszentrum des Rom e.V.<\/p>\n<p>&nbsp;<\/p>\n<p><strong><span style=\"color: #1e73be;\">Rassismuskritische Bildungsarbeit \/\/ Empowerment<\/span><\/strong><\/p>\n<p>Im Rahmen unserer rassismuskritischen Bildungsarbeit und der Empowermentarbeit bieten wir folgende Bildungsangebote an:<\/p>\n<ul>\n<li>Workshops, Fortbildungen, Veranstaltungen, Tagungen<\/li>\n<li>Diverse Projekte, darunter das <a href=\"https:\/\/www.romev.de\/?page_id=4389\">Zeitzeug:innenprojekt<\/a> und das Projekt <a href=\"https:\/\/www.romev.de\/?page_id=4505\">SpuRom:nja<\/a><\/li>\n<li>Stadtteilf\u00fchrungen durch Ehrenfeld und das Griechenmarktviertel<\/li>\n<li>Herausgabe der Online-Zeitschrift \u201e<a href=\"https:\/\/www.romev.de\/?page_id=167\">Nevipe<\/a>\u201c<\/li>\n<li>Informationskampagnen \u00fcber unsere Social Media Kan\u00e4le: <a href=\"https:\/\/www.facebook.com\/RomBuK2019\">Facebook<\/a> und <a href=\"https:\/\/www.instagram.com\/rombuk_2019\/\">Instagram<\/a><\/li>\n<li>Materialsammlungen, darunter <a href=\"https:\/\/www.romev.de\/wp-content\/uploads\/Literaturempfehlungen-fuer-Lehrkraefte.pdf\">Literaturempfehlungen f\u00fcr Lehrkr\u00e4fte<\/a> \u2026<\/li>\n<li><a href=\"https:\/\/doi.org\/10.5281\/zenodo.7415331\">Handreichung zur Actionbound-Stadtrallye \u201eSpuRom:nja\u201c<\/a><\/li>\n<li><a href=\"https:\/\/www.youtube.com\/watch?v=2aXL8AsUmrw\">Trailer<\/a> und <a href=\"https:\/\/www.romev.de\/wp-content\/uploads\/Djelem.Djelem_Flyer_final.pdf\">Flyer<\/a> zum Film \u201eDjelem, djelem. Rom:nja und Sinti:ze im langen Schatten des 20. Jahrhunderts\u201c<\/li>\n<\/ul>\n<p>\u2026 zu u.a. folgenden Themenbereichen:<\/p>\n<p>Antiziganismus als Problem der Dominanzgesellschaft, Sensibilisierung f\u00fcr Rassismuserfahrungen von Rom:nja und Sinti:ze, Empowerment, Geschichte(n) und Lebensrealit\u00e4ten der Communities, Rom:nja und Sinti:ze im Nationalsozialismus, Bedeutung von Erinnerungskultur(en), Flucht, Asyl, Zuwanderung\u2026<\/p>\n<p><strong>Zielgruppen:<\/strong><\/p>\n<p>Unsere Angebote richten sich an Jugendliche und Erwachsene, insbesondere (au\u00dfer\u2011)\u00a0schulische Multiplikator:innen und (zivil-)gesellschaftliche sowie staatliche Akteur:innen. Nach Absprache k\u00f6nnen unsere Angebote an die jeweiligen Bedarfe und Kenntnisse der Zielgruppe angepasst werden.<\/p>\n<p>&nbsp;<\/p>\n<p>&nbsp;<\/p>\n<p><strong><span style=\"color: #1e73be;\">Bibliothek, Archiv und des Dokumentationszentrum:<\/span><\/strong><\/p>\n<p style=\"padding-left: 40px;\"><strong>Kontakt<br \/>\nE-Mail:<\/strong> <a href=\"mailto:dokuzentrum@romev.de\">dokuzentrum@romev.de<\/a><br \/>\n<strong>Telefon:<\/strong> 0221- 278 60 36<\/p>\n<p><strong>\u00a0<\/strong><\/p>\n<p><strong>Bibliothek<\/strong><\/p>\n<p>Die Pr\u00e4senzbibliothek verf\u00fcgt \u00fcber mehr als 7.000 Medien. Entsprechend ihrer Ausrichtung \u2013\u00a0 Geschichte und Gegenwart von Rom:nja und Sinti:ze in Deutschland und Europa \u2013 verf\u00fcgt sie neben wissenschaftlichen Publikationen auch \u00fcber aktuelle Zeitschriftenbest\u00e4nde und AV-Medien. Einzigartig ist die vielf\u00e4ltige Sammlung belletristischer Werke von Angeh\u00f6rigen der Communities.<br \/>\n<a href=\"http:\/\/romev.ifaust-online.de\">Zum Online-Katalog<\/a><\/p>\n<p><strong>Archiv und Dokumentationszentrum<\/strong><\/p>\n<p>Im Archiv und Dokumentationszentrum werden u.a. Grafiken, Bildpostkarten, Fotografien, Nachl\u00e4sse und Dokumente der B\u00fcrger:innenrechtsbewegung bewahrt. Die entstandene Sammlung ist einzigartig und geh\u00f6rt inzwischen zu den bedeutendsten in ganz Europa. Die Hauptaufgabe des Archiv- und Dokumentationszentrums besteht darin, die Erinnerungen aus den Communities, insbesondere die Narrative und subjektiven Erfahrungen zu sammeln. Ziel ist es, die Stimmen z.B. der B\u00fcrger:innenrechtsbewegung von, mit und f\u00fcr Rom:nja und Sinti:ze zu bewahren und wichtige Ereignisse aus den Perspektiven von Rom:nja und Sinti:ze nicht in Vergessenheit geraten zu lassen. Informationen zum Projekt DigiRom finden Sie <a href=\"https:\/\/www.romev.de\/?page_id=3929\">hier<\/a>.<\/p>\n<p><a href=\"https:\/\/www.romev.de\/?page_id=3882\">Sammlungsleitbild<\/a> \u00a0\u00a0\u00a0 <a href=\"https:\/\/www.romev.de\/?page_id=3884\">Benutzungsordnung<\/a> \u00a0 <a href=\"https:\/\/www.romev.de\/?page_id=3886\">Satzung<\/a><\/p>\n<p>Bleiben Sie auf dem Laufenden und folgen Sie uns in den Sozialen Medien oder <a href=\"https:\/\/www.romev.de\/?page_id=1365\">melden Sie sich f\u00fcr unseren Newsletter an<\/a>:<br \/>\n<strong>Facebook:<\/strong> RomBuK2019\u00a0 <strong>Instagram:<\/strong> rombuk_2019 <strong>Youtube:<\/strong> RomBuK \u2013 Bildung und Kultur im Rom e.V.<\/p>\n<p>&nbsp;<\/p>\n","protected":false},"excerpt":{"rendered":"<p>Kontakt E-Mail: rombuk@romev.de Telefon: 0221-278 60 76 Was wir tun Die Schwerpunkte der Arbeit im RomBuK liegen auf der rassismuskritischen Bildungsarbeit gegen Antiziganismus und auf der Unterst\u00fctzung von Empowerment, wobei&#8230;<\/p>\n","protected":false},"author":1965,"featured_media":0,"parent":0,"menu_order":0,"comment_status":"closed","ping_status":"closed","template":"page-sidebar.php","meta":{"footnotes":""},"class_list":["post-4728","page","type-page","status-publish"],"_links":{"self":[{"href":"https:\/\/www.romev.de\/index.php?rest_route=\/wp\/v2\/pages\/4728","targetHints":{"allow":["GET"]}}],"collection":[{"href":"https:\/\/www.romev.de\/index.php?rest_route=\/wp\/v2\/pages"}],"about":[{"href":"https:\/\/www.romev.de\/index.php?rest_route=\/wp\/v2\/types\/page"}],"author":[{"embeddable":true,"href":"https:\/\/www.romev.de\/index.php?rest_route=\/wp\/v2\/users\/1965"}],"replies":[{"embeddable":true,"href":"https:\/\/www.romev.de\/index.php?rest_route=%2Fwp%2Fv2%2Fcomments&post=4728"}],"version-history":[{"count":22,"href":"https:\/\/www.romev.de\/index.php?rest_route=\/wp\/v2\/pages\/4728\/revisions"}],"predecessor-version":[{"id":4730,"href":"https:\/\/www.romev.de\/index.php?rest_route=\/wp\/v2\/pages\/4728\/revisions\/4730"}],"wp:attachment":[{"href":"https:\/\/www.romev.de\/index.php?rest_route=%2Fwp%2Fv2%2Fmedia&parent=4728"}],"curies":[{"name":"wp","href":"https:\/\/api.w.org\/{rel}","templated":true}]}}