{"id":6236,"date":"2026-04-16T00:40:21","date_gmt":"2026-04-15T23:40:21","guid":{"rendered":"https:\/\/www.romev.de\/?page_id=6236"},"modified":"2026-04-16T21:44:42","modified_gmt":"2026-04-16T20:44:42","slug":"welt-roma-tag-2026","status":"publish","type":"page","link":"https:\/\/www.romev.de\/?page_id=6236","title":{"rendered":"welt-roma-tag-2026"},"content":{"rendered":"<h1>Mehr Sichtbarkeit f\u00fcr die Roma-Community \u2013<br \/>\nder Welt-Roma-Tag, 08.04.2026, in K\u00f6ln<\/h1>\n<p>&nbsp;<\/p>\n<p>Anl\u00e4sslich des Welt-Roma-Tages stand in diesem Jahr in K\u00f6ln alles im Zeichen von mehr Sichtbarkeit, Akzeptanz und demokratischer Teilhabe der Roma-Community. Zwei bedeutende Jubil\u00e4en rund um die Roma-Flagge pr\u00e4gten dabei die Agenda:<\/p>\n<p>Zum einen wurde der 55. Jahrestag der ersten Konstitution und Anerkennung der Roma-Flagge gew\u00fcrdigt (8.April, London). Zum anderen feierte K\u00f6ln eine eigene, mittlerweile f\u00fcnfj\u00e4hrige Tradition: das feierliche Hissen der Roma-Flagge vor dem K\u00f6lner Rathaus.<\/p>\n<p>Diese Tradition wurde vor vier Jahren von Oberb\u00fcrgermeisterin Henriette Reker auf Initiative von Rom e.V. und auf Idee von Sead Memeti ins Leben gerufen. In diesem Jahr wurde sie vom neuen Oberb\u00fcrgermeister Herr Torsten Burmester fortgef\u00fchrt, der mit seiner pers\u00f6nlichen Anwesenheit ein starkes Zeichen f\u00fcr Kontinuit\u00e4t, Sichtbarkeit und Anerkennung setzte.<\/p>\n<p>Das Flaggehissen wurde unterst\u00fctzt vom Kommunalen Integrationszentrum K\u00f6ln, dem Arbeitskreis der K\u00f6lner Interkulturellen Zentren sowie der Roma-Selbstorganisation Carmen e.V. aus D\u00fcsseldorf. Musikalisch begleitet wurde die Zeremonie erneut von der Balkan-Brass-Gruppe unter der Leitung von Fabijan Selimovi\u0107, die mit der Roma-Hymne einen feierlichen Rahmen schuf.<\/p>\n<p>In seiner Rede formulierte der erste Sprecher von Rom e.V. klare politische Forderungen mit Blick auf das Jahr 2027:<\/p>\n<ul>\n<li>Erhalt des wichtigen Netzwerks \u201eSoziales K\u00f6ln\u201c f\u00fcr Roma, Sinti und alle Menschen mit internationaler Familiengeschichte in den kommenden Jahren<\/li>\n<li>Entwicklung und Umsetzung eines umfassenden Aktionsplans gegen Antiziganismus in K\u00f6ln \u2013 analog zu bestehenden Strategien auf EU-, Bundes- und Landesebene, mit regelm\u00e4\u00dfiger Fortschreibung<\/li>\n<\/ul>\n<p>Im Anschluss an das Flaggehissen fand ein kleines Fest in den R\u00e4umen des Kommunalen Integrationszentrums statt \u2013 doch dies war nur die \u201eerste Halbzeit\u201c der Feierlichkeiten.<\/p>\n<p>Die \u201ezweite Halbzeit\u201c folgte am Samstag, den 11. April, auf dem Gel\u00e4nde von Rom e.V. mit einem vielf\u00e4ltigen kulturellen Programm. H\u00f6hepunkte waren die Verleihung von drei Ehrenurkunden an Muzafer N\u00fcrnberger, Simone Treis und den Schriftsteller Jovan Nikoli\u0107. Herr Nikoli\u0107 begeisterte zudem mit einer Lesung seiner Poesie.<\/p>\n<p>Besondere Aufmerksamkeit erhielt auch die Teilnahme von Jugendlichen aus dem Romno Power Club aus M\u00fcnchen, die von ihrem Leiter Alexander Diepold begleitet wurden. Seine eindrucksvolle Rede setzte ein weiteres starkes Zeichen f\u00fcr die Bedeutung von Jugendengagement und Empowerment.<\/p>\n<p>Das Fest wurde in enger Zusammenarbeit mit lokalen Partnern organisiert, darunter kulturelle Zentren, die Caritas sowie der Verein KulturKinder aus Ehrenfeld. Die Veranstaltung war bewusst familien- und kinderfreundlich gestaltet und zog rund 300 Besucherinnen und Besucher an.<\/p>\n<p>F\u00fcr die musikalische Gestaltung sorgten \u2013 wie bereits im Vorjahr \u2013 K\u00fcnstlerinnen und K\u00fcnstler aus der Balkan-Brass-Szene, die dem Fest einen lebendigen und verbindenden Charakter verliehen.<\/p>\n<p>Der diesj\u00e4hrige Welt-Roma-Tag in K\u00f6ln hat damit eindrucksvoll gezeigt, wie wichtig Sichtbarkeit, kulturelle Anerkennung und politische Teilhabe f\u00fcr eine offene und demokratische Stadtgesellschaft sind.<\/p>\n<p>Wir bedanken uns f\u00fcr die freundliche Unterst\u00fctzung der Feierlichkeiten am 11.04.2026 bei der Hildegard-Lagrenne-Stiftung und dem Arsch huh e.V.<\/p>\n","protected":false},"excerpt":{"rendered":"<p>Mehr Sichtbarkeit f\u00fcr die Roma-Community \u2013 der Welt-Roma-Tag, 08.04.2026, in K\u00f6ln &nbsp; Anl\u00e4sslich des Welt-Roma-Tages stand in diesem Jahr in K\u00f6ln alles im Zeichen von mehr Sichtbarkeit, Akzeptanz und demokratischer&#8230;<\/p>\n","protected":false},"author":1965,"featured_media":0,"parent":0,"menu_order":0,"comment_status":"closed","ping_status":"closed","template":"page-sidebar.php","meta":{"footnotes":""},"class_list":["post-6236","page","type-page","status-publish"],"_links":{"self":[{"href":"https:\/\/www.romev.de\/index.php?rest_route=\/wp\/v2\/pages\/6236","targetHints":{"allow":["GET"]}}],"collection":[{"href":"https:\/\/www.romev.de\/index.php?rest_route=\/wp\/v2\/pages"}],"about":[{"href":"https:\/\/www.romev.de\/index.php?rest_route=\/wp\/v2\/types\/page"}],"author":[{"embeddable":true,"href":"https:\/\/www.romev.de\/index.php?rest_route=\/wp\/v2\/users\/1965"}],"replies":[{"embeddable":true,"href":"https:\/\/www.romev.de\/index.php?rest_route=%2Fwp%2Fv2%2Fcomments&post=6236"}],"version-history":[{"count":3,"href":"https:\/\/www.romev.de\/index.php?rest_route=\/wp\/v2\/pages\/6236\/revisions"}],"predecessor-version":[{"id":6283,"href":"https:\/\/www.romev.de\/index.php?rest_route=\/wp\/v2\/pages\/6236\/revisions\/6283"}],"wp:attachment":[{"href":"https:\/\/www.romev.de\/index.php?rest_route=%2Fwp%2Fv2%2Fmedia&parent=6236"}],"curies":[{"name":"wp","href":"https:\/\/api.w.org\/{rel}","templated":true}]}}