{"id":6243,"date":"2026-04-16T01:00:00","date_gmt":"2026-04-16T00:00:00","guid":{"rendered":"https:\/\/www.romev.de\/?page_id=6243"},"modified":"2026-04-16T21:47:55","modified_gmt":"2026-04-16T20:47:55","slug":"eindruecke-vom-welt-roma-tag-2026","status":"publish","type":"page","link":"https:\/\/www.romev.de\/?page_id=6243","title":{"rendered":"Eindr\u00fccke vom Welt-Roma-Tag 2026"},"content":{"rendered":"[vc_row type=&#8220;in_container&#8220; full_screen_row_position=&#8220;middle&#8220; column_margin=&#8220;default&#8220; column_direction=&#8220;default&#8220; column_direction_tablet=&#8220;default&#8220; column_direction_phone=&#8220;default&#8220; scene_position=&#8220;center&#8220; bottom_padding=&#8220;40&#8243; text_color=&#8220;dark&#8220; text_align=&#8220;left&#8220; row_border_radius=&#8220;none&#8220; row_border_radius_applies=&#8220;bg&#8220; overflow=&#8220;visible&#8220; overlay_strength=&#8220;0.3&#8243; gradient_direction=&#8220;left_to_right&#8220; shape_divider_position=&#8220;bottom&#8220; bg_image_animation=&#8220;none&#8220; gradient_type=&#8220;default&#8220; shape_type=&#8220;&#8220;][vc_column column_padding=&#8220;no-extra-padding&#8220; column_padding_tablet=&#8220;inherit&#8220; column_padding_phone=&#8220;inherit&#8220; column_padding_position=&#8220;all&#8220; bottom_margin=&#8220;40&#8243; column_element_direction_desktop=&#8220;default&#8220; column_element_spacing=&#8220;default&#8220; desktop_text_alignment=&#8220;default&#8220; tablet_text_alignment=&#8220;default&#8220; phone_text_alignment=&#8220;default&#8220; background_color_opacity=&#8220;1&#8243; background_hover_color_opacity=&#8220;1&#8243; column_backdrop_filter=&#8220;none&#8220; column_shadow=&#8220;none&#8220; column_border_radius=&#8220;none&#8220; column_link_target=&#8220;_self&#8220; column_position=&#8220;default&#8220; gradient_direction=&#8220;left_to_right&#8220; overlay_strength=&#8220;0.3&#8243; width=&#8220;1\/1&#8243; tablet_width_inherit=&#8220;default&#8220; animation_type=&#8220;default&#8220; bg_image_animation=&#8220;none&#8220; border_type=&#8220;simple&#8220; column_border_width=&#8220;none&#8220; column_border_style=&#8220;solid&#8220; column_padding_type=&#8220;default&#8220; gradient_type=&#8220;default&#8220;][vc_row_inner column_margin=&#8220;default&#8220; column_direction=&#8220;default&#8220; column_direction_tablet=&#8220;default&#8220; column_direction_phone=&#8220;default&#8220; text_align=&#8220;left&#8220; row_position=&#8220;default&#8220; row_position_tablet=&#8220;inherit&#8220; row_position_phone=&#8220;inherit&#8220; overflow=&#8220;visible&#8220; pointer_events=&#8220;all&#8220;][vc_column_inner column_padding=&#8220;no-extra-padding&#8220; column_padding_tablet=&#8220;inherit&#8220; column_padding_phone=&#8220;inherit&#8220; column_padding_position=&#8220;all&#8220; column_element_direction_desktop=&#8220;default&#8220; column_element_spacing=&#8220;default&#8220; desktop_text_alignment=&#8220;default&#8220; tablet_text_alignment=&#8220;default&#8220; phone_text_alignment=&#8220;default&#8220; background_color_opacity=&#8220;1&#8243; background_hover_color_opacity=&#8220;1&#8243; column_backdrop_filter=&#8220;none&#8220; column_shadow=&#8220;none&#8220; column_border_radius=&#8220;none&#8220; column_link_target=&#8220;_self&#8220; overflow=&#8220;visible&#8220; gradient_direction=&#8220;left_to_right&#8220; overlay_strength=&#8220;0.3&#8243; width=&#8220;1\/1&#8243; tablet_width_inherit=&#8220;default&#8220; animation_type=&#8220;default&#8220; bg_image_animation=&#8220;none&#8220; border_type=&#8220;simple&#8220; column_border_width=&#8220;none&#8220; column_border_style=&#8220;solid&#8220;][vc_column_text]\n<h1>Mehr Sichtbarkeit f\u00fcr die Roma-Community \u2013 der Welt-Roma-Tag, 08.04.2026, in K\u00f6ln<\/h1>\n<p>&nbsp;<\/p>\n<p>Anl\u00e4sslich des Welt-Roma-Tages stand in diesem Jahr in K\u00f6ln alles im Zeichen von mehr Sichtbarkeit, Akzeptanz und demokratischer Teilhabe der Roma-Community. Zwei bedeutende Jubil\u00e4en rund um die Roma-Flagge pr\u00e4gten dabei die Agenda:<\/p>\n<p>Zum einen wurde der 55. Jahrestag der ersten Konstitution und Anerkennung der Roma-Flagge gew\u00fcrdigt (8.April, London). Zum anderen feierte K\u00f6ln eine eigene, mittlerweile f\u00fcnfj\u00e4hrige Tradition: das feierliche Hissen der Roma-Flagge vor dem K\u00f6lner Rathaus, in Anwesenheit des amtierenden Oberb\u00fcrgermeisters, Torsten Burmester.<\/p>\n<p>Unterst\u00fctzt wurde die Veranstaltung vom Kommunalen Integrationszentrum K\u00f6ln, weiteren Interkulturellen Zentren sowie der Roma-Selbstorganisation Carmen e.V. aus D\u00fcsseldorf.<\/p>\n<p>In seiner <a href=\"https:\/\/www.romev.de\/?page_id=6239\">Rede<\/a> formulierte der 1. Sprecher des Rom e.V., Ru\u017edija Sejdovi\u0107, klare politische Forderungen mit Blick auf das Jahr 2027<\/p>\n<ul>\n<li>Erhalt des wichtigen Netzwerks \u201eSoziales K\u00f6ln\u201c f\u00fcr Roma, Sinti und alle Menschen mit internationaler Familiengeschichte in den kommenden Jahren<\/li>\n<li>Entwicklung und Umsetzung eines umfassenden Aktionsplans gegen Antiziganismus in K\u00f6ln \u2013 analog zu bestehenden Strategien auf EU-, Bundes- und Landesebene, mit regelm\u00e4\u00dfiger Fortschreibung<\/li>\n<\/ul>\n<p>Am Samstag, 11.04.2026, fand die \u201ezweite Halbzeit\u201c der Feierlichkeiten auf dem Gel\u00e4nde des Rom e.V. mit einem vielf\u00e4ltigen kulturellen Programm. <a href=\"https:\/\/www.romev.de\/?page_id=6236\">Hier<\/a> findet sich ein ausf\u00fchrlicher Bericht.<\/p>\n<p><strong><u>Weitere Links:<\/u><\/strong><\/p>\n<p><u>Bericht der Tagesschau zum Welt-Roma-Tag (und \u00fcber den Rom e.V.) am 08.04.2026<br \/>\n<\/u><a href=\"https:\/\/www.tagesschau.de\/tagesschau_20_uhr\/video-1573206.html\">https:\/\/www.tagesschau.de\/tagesschau_20_uhr\/video-1573206.html<\/a><\/p>\n<p>Link zum Youtube-Kanal des Rom e.V. (gerne abonnieren!)<br \/>\n<a href=\"https:\/\/www.youtube.com\/@rome.v\">https:\/\/www.youtube.com\/@rome.v<\/a>.<\/p>\n<p>Link zum facebook-Auftritt des Rom e.V. (gerne Follower werden!)<br \/>\n<a href=\"https:\/\/www.facebook.com\/RomevKoeln\/?locale=de_DE\">https:\/\/www.facebook.com\/RomevKoeln\/?locale=de_DE<\/a><\/p>\n<p>&nbsp;<\/p>\n<hr \/>\n[\/vc_column_text][\/vc_column_inner][\/vc_row_inner][vc_column_text]\n<h1>Eindr\u00fccke vom Welt-Roma-Tag 2026<\/h1>\n[\/vc_column_text][vc_row_inner column_margin=&#8220;default&#8220; column_direction=&#8220;default&#8220; column_direction_tablet=&#8220;default&#8220; column_direction_phone=&#8220;default&#8220; top_padding=&#8220;40&#8243; text_align=&#8220;left&#8220; row_position=&#8220;default&#8220; row_position_tablet=&#8220;inherit&#8220; row_position_phone=&#8220;inherit&#8220; overflow=&#8220;visible&#8220; pointer_events=&#8220;all&#8220;][vc_column_inner column_padding=&#8220;no-extra-padding&#8220; column_padding_tablet=&#8220;inherit&#8220; column_padding_phone=&#8220;inherit&#8220; column_padding_position=&#8220;all&#8220; column_element_direction_desktop=&#8220;default&#8220; column_element_spacing=&#8220;default&#8220; desktop_text_alignment=&#8220;default&#8220; tablet_text_alignment=&#8220;default&#8220; phone_text_alignment=&#8220;default&#8220; background_color_opacity=&#8220;1&#8243; background_hover_color_opacity=&#8220;1&#8243; column_backdrop_filter=&#8220;none&#8220; column_shadow=&#8220;none&#8220; column_border_radius=&#8220;none&#8220; column_link_target=&#8220;_self&#8220; overflow=&#8220;visible&#8220; gradient_direction=&#8220;left_to_right&#8220; overlay_strength=&#8220;0.3&#8243; width=&#8220;1\/1&#8243; tablet_width_inherit=&#8220;default&#8220; animation_type=&#8220;default&#8220; bg_image_animation=&#8220;none&#8220; border_type=&#8220;simple&#8220; column_border_width=&#8220;none&#8220; column_border_style=&#8220;solid&#8220;][vc_gallery type=&#8220;image_grid&#8220; images=&#8220;6245,6246,6247,6248,6249,6250,6251,6252,6253,6254,6255,6256,6257,6258,6259,6260,6261,6262&#8243; image_grid_loading=&#8220;default&#8220; layout=&#8220;3&#8243; item_spacing=&#8220;default&#8220; gallery_style=&#8220;7&#8243; load_in_animation=&#8220;none&#8220;][\/vc_column_inner][\/vc_row_inner][\/vc_column][\/vc_row]\n","protected":false},"excerpt":{"rendered":"<p>[vc_row type=&#8220;in_container&#8220; full_screen_row_position=&#8220;middle&#8220; column_margin=&#8220;default&#8220; column_direction=&#8220;default&#8220; column_direction_tablet=&#8220;default&#8220; column_direction_phone=&#8220;default&#8220; scene_position=&#8220;center&#8220; bottom_padding=&#8220;40&#8243; text_color=&#8220;dark&#8220; text_align=&#8220;left&#8220; row_border_radius=&#8220;none&#8220; row_border_radius_applies=&#8220;bg&#8220; overflow=&#8220;visible&#8220; overlay_strength=&#8220;0.3&#8243; gradient_direction=&#8220;left_to_right&#8220; shape_divider_position=&#8220;bottom&#8220; bg_image_animation=&#8220;none&#8220; gradient_type=&#8220;default&#8220; shape_type=&#8220;&#8220;][vc_column column_padding=&#8220;no-extra-padding&#8220; column_padding_tablet=&#8220;inherit&#8220; column_padding_phone=&#8220;inherit&#8220; column_padding_position=&#8220;all&#8220; bottom_margin=&#8220;40&#8243; column_element_direction_desktop=&#8220;default&#8220; column_element_spacing=&#8220;default&#8220; desktop_text_alignment=&#8220;default&#8220; tablet_text_alignment=&#8220;default&#8220; phone_text_alignment=&#8220;default&#8220;&#8230;<\/p>\n","protected":false},"author":1965,"featured_media":0,"parent":0,"menu_order":0,"comment_status":"closed","ping_status":"closed","template":"page-sidebar.php","meta":{"footnotes":""},"class_list":["post-6243","page","type-page","status-publish"],"_links":{"self":[{"href":"https:\/\/www.romev.de\/index.php?rest_route=\/wp\/v2\/pages\/6243","targetHints":{"allow":["GET"]}}],"collection":[{"href":"https:\/\/www.romev.de\/index.php?rest_route=\/wp\/v2\/pages"}],"about":[{"href":"https:\/\/www.romev.de\/index.php?rest_route=\/wp\/v2\/types\/page"}],"author":[{"embeddable":true,"href":"https:\/\/www.romev.de\/index.php?rest_route=\/wp\/v2\/users\/1965"}],"replies":[{"embeddable":true,"href":"https:\/\/www.romev.de\/index.php?rest_route=%2Fwp%2Fv2%2Fcomments&post=6243"}],"version-history":[{"count":15,"href":"https:\/\/www.romev.de\/index.php?rest_route=\/wp\/v2\/pages\/6243\/revisions"}],"predecessor-version":[{"id":6282,"href":"https:\/\/www.romev.de\/index.php?rest_route=\/wp\/v2\/pages\/6243\/revisions\/6282"}],"wp:attachment":[{"href":"https:\/\/www.romev.de\/index.php?rest_route=%2Fwp%2Fv2%2Fmedia&parent=6243"}],"curies":[{"name":"wp","href":"https:\/\/api.w.org\/{rel}","templated":true}]}}