{"id":65,"date":"2013-11-04T14:16:55","date_gmt":"2013-11-04T12:16:55","guid":{"rendered":"http:\/\/www.amaro-kher.de\/romev\/?page_id=65"},"modified":"2014-03-17T12:18:52","modified_gmt":"2014-03-17T11:18:52","slug":"kunst-und-kultur-von-roma-in-koeln","status":"publish","type":"page","link":"https:\/\/www.romev.de\/?page_id=65","title":{"rendered":"Kunst und Kultur von Roma in K\u00f6ln"},"content":{"rendered":"<div>\n<div>\n<p>Seit vielen Jahren f\u00f6rdert der Rom e.V. k\u00fcnstlerische und andere kulturelle Aktivit\u00e4ten von Roma, die in K\u00f6ln leben. Unter den vielen Begabungen stechen einige besonders hervor. Im Literarischen Bereich arbeiten im und mit dem Verein mehrere Schriftsteller, die international bekannt sind. Aber nat\u00fcrlich hat der Verein auch ein Auge auf j\u00fcngere Talente, vor allem wenn sie in unserer Romaschule auffallen.<\/p>\n<p>Musikalisch sind die Roma in K\u00f6ln mit zahlreichen Amateuren vertreten. Es gibt aber nat\u00fcrlich auch professionelle Bands, die z.B. f\u00fcr Hochzeitender Roma engagiert werden; ihnen geh\u00f6ren oft bekannte S\u00e4nger an.<\/p>\n<p>Der Rom e.V. arbeitet zur Zeit mit zwei Gruppen enger zusammen: mit der Band \u201eEleganCi\u201c um den kroatischen Sinto Rudi Rumstayn und mit der Band \u201eRomano Trajo\u201c mit der Bandleaderin Beata Burakowska.<\/p>\n<p>Eine besonderes Highlight wird wohl unser Chor \u201eBahtalo Chave\u201c werden, der vor wenigen Monaten im Verein gegr\u00fcndet wurde und Kinder und Junge Erwachsene mit tollen Stimmen vereint. Er wird von Robert P\u00fctz, demerfolgreichen Autor vieler faszinierender K\u00f6ln-Lieder gesponsert.<\/p>\n<p>Die \u201eKulturkarawane\u201c ist ebenfalls ein j\u00fcngeres Projekt, das von Jovan Nikolicentwickelt wurde. Sie will interessierten Menschen in Schule, Universit\u00e4t und Erwachsenenbildung die verschiedensten Bereiche der Roma-Kultur nahebringen.<\/p>\n<p>Die Ausstellung \u201eDie vergessenen Europ\u00e4er\u201c konnte \u00a0zum ersten Mal in einem \u201eKulturtempel\u201c \u00a0der Stadt K\u00f6ln, im K\u00f6lnischen Stadmuseum, Werke von Roma-K\u00fcnstlern und -Schriftstellern einer gr\u00f6\u00dferen\u00a0 \u00d6ffentlichkeit pr\u00e4sentieren und zwar zusammen mit Nicht-Romak\u00fcnstlern, die sich mit ihren Vorstellungen von der Minderheit auseinandersetzten<\/p>\n<\/div>\n<\/div>\n","protected":false},"excerpt":{"rendered":"<p>Seit vielen Jahren f\u00f6rdert der Rom e.V. k\u00fcnstlerische und andere kulturelle Aktivit\u00e4ten von Roma, die in K\u00f6ln leben. Unter den vielen Begabungen stechen einige besonders hervor. Im Literarischen Bereich arbeiten&#8230;<\/p>\n","protected":false},"author":1965,"featured_media":0,"parent":0,"menu_order":4,"comment_status":"closed","ping_status":"closed","template":"page-sidebar.php","meta":{"footnotes":""},"class_list":["post-65","page","type-page","status-publish"],"_links":{"self":[{"href":"https:\/\/www.romev.de\/index.php?rest_route=\/wp\/v2\/pages\/65","targetHints":{"allow":["GET"]}}],"collection":[{"href":"https:\/\/www.romev.de\/index.php?rest_route=\/wp\/v2\/pages"}],"about":[{"href":"https:\/\/www.romev.de\/index.php?rest_route=\/wp\/v2\/types\/page"}],"author":[{"embeddable":true,"href":"https:\/\/www.romev.de\/index.php?rest_route=\/wp\/v2\/users\/1965"}],"replies":[{"embeddable":true,"href":"https:\/\/www.romev.de\/index.php?rest_route=%2Fwp%2Fv2%2Fcomments&post=65"}],"version-history":[{"count":5,"href":"https:\/\/www.romev.de\/index.php?rest_route=\/wp\/v2\/pages\/65\/revisions"}],"predecessor-version":[{"id":1231,"href":"https:\/\/www.romev.de\/index.php?rest_route=\/wp\/v2\/pages\/65\/revisions\/1231"}],"wp:attachment":[{"href":"https:\/\/www.romev.de\/index.php?rest_route=%2Fwp%2Fv2%2Fmedia&parent=65"}],"curies":[{"name":"wp","href":"https:\/\/api.w.org\/{rel}","templated":true}]}}